
{"id":173,"date":"2017-08-01T11:06:35","date_gmt":"2017-08-01T11:06:35","guid":{"rendered":"http:\/\/www.fritek.no\/?page_id=173"},"modified":"2018-06-02T06:55:53","modified_gmt":"2018-06-02T06:55:53","slug":"kartlegging-av-onsker-behov-og-muligheter","status":"publish","type":"page","link":"https:\/\/www.fritek.no\/?page_id=173","title":{"rendered":"Kartleggingsskjemaer"},"content":{"rendered":"<h2><span style=\"color: #800080;\">Kartlegging av \u00f8nsker, behov og muligheter<\/span><\/h2>\n<p>For \u00e5 finne best mulig egnede teknologier til utpr\u00f8ving m\u00e5 vi f\u00f8rst bli kjent med de unge, deres familier og st\u00f8ttepersoner.\u00a0Ut i fra tilbakemeldingene kan vi velge teknologier som vil v\u00e6re b\u00e5de spennende og moro for barna og avlastende for foreldrene og andre hjelpere.<\/p>\n<div id=\"attachment_244\" style=\"width: 411px\" class=\"wp-caption alignright\"><img loading=\"lazy\" decoding=\"async\" aria-describedby=\"caption-attachment-244\" class=\" wp-image-244\" src=\"https:\/\/www.fritek.no\/wp-content\/uploads\/2017\/08\/iStock-skjemautfylling.jpg\" alt=\"H\u00e5nd som holder en kulepenn for \u00e5 fylle ut et skjema.\" width=\"401\" height=\"267\" srcset=\"https:\/\/www.fritek.no\/wp-content\/uploads\/2017\/08\/iStock-skjemautfylling.jpg 2121w, https:\/\/www.fritek.no\/wp-content\/uploads\/2017\/08\/iStock-skjemautfylling-300x200.jpg 300w, https:\/\/www.fritek.no\/wp-content\/uploads\/2017\/08\/iStock-skjemautfylling-900x600.jpg 900w, https:\/\/www.fritek.no\/wp-content\/uploads\/2017\/08\/iStock-skjemautfylling-750x499.jpg 750w, https:\/\/www.fritek.no\/wp-content\/uploads\/2017\/08\/iStock-skjemautfylling-360x240.jpg 360w\" sizes=\"auto, (max-width: 401px) 100vw, 401px\" \/><p id=\"caption-attachment-244\" class=\"wp-caption-text\">Skjemaene kan skrives ut og fylles ut manuelt. I prosjektsammenheng<br \/>var skjemaene lagt inn i SurveyMonkey for utfylling i samtalesituasjon.<\/p><\/div>\n<p>Nedenfor finner du sp\u00f8rreskjemaene som Karde utviklet for kartleggingene i FRiTEK-prosjektet. Skjemaene kan gjerne brukes videre i andre prosjekter og aktiviteter som har samme form\u00e5l som FRiTEK og FRiDA. Dersom du gj\u00f8r det, kreditter ett av v\u00e5re prosjekter (FRiTEK) med tydelig kreditteringstekst med \u00a9 og lenke til opprinnelig(e) skjema(er) p\u00e5 dette nettstedet.<\/p>\n<div class=\"page\" title=\"Page 1\">\n<div class=\"layoutArea\">\n<div class=\"column\">\n<ul>\n<li><a href=\"http:\/\/fritek.wpengine.com\/wp-content\/uploads\/2016\/04\/SurveyMonkey_112423674.pdf\" target=\"_blank\" rel=\"noopener\">Barn og unge<\/a>\u00a0\u00a9\u00a0FRiTEK<\/li>\n<li><a href=\"http:\/\/fritek.wpengine.com\/wp-content\/uploads\/2016\/04\/SurveyMonkey_112435432-1.pdf\" target=\"_blank\" rel=\"noopener\">Hjemmet<\/a>\u00a0\u00a9\u00a0FRiTEK<\/li>\n<li><a href=\"http:\/\/fritek.wpengine.com\/wp-content\/uploads\/2016\/04\/SurveyMonkey_112421830-2-1.pdf\" target=\"_blank\" rel=\"noopener\">Avlastere og st\u00f8ttekontakter<\/a>\u00a0\u00a9\u00a0FRiTEK<\/li>\n<\/ul>\n<\/div>\n<\/div>\n<\/div>\n","protected":false},"excerpt":{"rendered":"<p>Kartlegging av \u00f8nsker, behov og muligheter For \u00e5 finne best mulig egnede teknologier til utpr\u00f8ving m\u00e5 vi f\u00f8rst bli kjent med de unge, deres familier og st\u00f8ttepersoner.\u00a0Ut i fra tilbakemeldingene kan vi velge <a class=\"more-link\" href=\"https:\/\/www.fritek.no\/?page_id=173\"><\/a><\/p>\n","protected":false},"author":4,"featured_media":0,"parent":0,"menu_order":0,"comment_status":"closed","ping_status":"closed","template":"","meta":{"footnotes":""},"class_list":["post-173","page","type-page","status-publish","hentry"],"_links":{"self":[{"href":"https:\/\/www.fritek.no\/index.php?rest_route=\/wp\/v2\/pages\/173","targetHints":{"allow":["GET"]}}],"collection":[{"href":"https:\/\/www.fritek.no\/index.php?rest_route=\/wp\/v2\/pages"}],"about":[{"href":"https:\/\/www.fritek.no\/index.php?rest_route=\/wp\/v2\/types\/page"}],"author":[{"embeddable":true,"href":"https:\/\/www.fritek.no\/index.php?rest_route=\/wp\/v2\/users\/4"}],"replies":[{"embeddable":true,"href":"https:\/\/www.fritek.no\/index.php?rest_route=%2Fwp%2Fv2%2Fcomments&post=173"}],"version-history":[{"count":0,"href":"https:\/\/www.fritek.no\/index.php?rest_route=\/wp\/v2\/pages\/173\/revisions"}],"wp:attachment":[{"href":"https:\/\/www.fritek.no\/index.php?rest_route=%2Fwp%2Fv2%2Fmedia&parent=173"}],"curies":[{"name":"wp","href":"https:\/\/api.w.org\/{rel}","templated":true}]}}