
{"id":18,"date":"2016-06-17T14:39:18","date_gmt":"2016-06-17T14:39:18","guid":{"rendered":"http:\/\/hverdagstekno.wpengine.com\/?page_id=18"},"modified":"2018-06-27T18:20:06","modified_gmt":"2018-06-27T18:20:06","slug":"teknologiomrader","status":"publish","type":"page","link":"https:\/\/www.fritek.no\/?page_id=18","title":{"rendered":"Velferdsteknologier for fritiden"},"content":{"rendered":"<p>Denne avdelingen av nettstedet er bygget rundt teknologier \u2013 b\u00e5de det vi har pr\u00f8vd ut og det som fins uten av vi har gjort spesifikke fors\u00f8k eller vurderinger av egnethet, trygghet, tilgjengelighet eller lignende.<\/p>\n<p>Under menypunktene presenterer vi spill, teknologier, apper o.l. som <em>kan v\u00e6re<\/em> aktuelle \u00e5 benytte p\u00e5 fritiden. Disse er <strong>ikke anbefalinger<\/strong>, men informasjonen er kun ment for \u00e5 <strong>formidle eksempler og id\u00e9er<\/strong> om hva som er tilgjengelig og kan v\u00e6re anvendbart. Eksemplene representerer ikke &#8216;best i test&#8217; eller annen rangering, men <strong>vurderingene og valgene m\u00e5 gj\u00f8res av den aktuelle brukeren og hans eller hennes st\u00f8ttepersoner<\/strong>.<\/p>\n<p>Du kan finne mer informasjon p\u00e5 nettet f.eks. ved hjelp av et Google-s\u00f8k. Mange av produktene kan bestilles p\u00e5 nett, enten fra norske leverand\u00f8rer eller fra utlandet. De fleste hvitevarebutikkene i Norge har en nettbutikk. Det fins ogs\u00e5 nettsteder for prissammenligning n\u00e5r du f\u00f8rst vet hvilket produkt du er interessert i.<\/p>\n<p><a href=\"https:\/\/www.fritek.no\/wp-content\/uploads\/2017\/08\/FRIDA-veileder_nov_2018.pdf\" target=\"_blank\" rel=\"noopener\">V\u00e5r nedlastbare id\u00e9hefte og veileder finner du her<\/a>.<\/p>\n<p><a href=\"mailto: rh@karde.no\" target=\"_blank\" rel=\"noopener\">Send oss<\/a> gjerne id\u00e9er og oppdateringer!<\/p>\n","protected":false},"excerpt":{"rendered":"<p>Denne avdelingen av nettstedet er bygget rundt teknologier \u2013 b\u00e5de det vi har pr\u00f8vd ut og det som fins uten av vi har gjort spesifikke fors\u00f8k eller vurderinger av egnethet, trygghet, tilgjengelighet eller <a class=\"more-link\" href=\"https:\/\/www.fritek.no\/?page_id=18\"><\/a><\/p>\n","protected":false},"author":3,"featured_media":90,"parent":0,"menu_order":0,"comment_status":"closed","ping_status":"closed","template":"","meta":{"footnotes":""},"class_list":["post-18","page","type-page","status-publish","has-post-thumbnail","hentry"],"_links":{"self":[{"href":"https:\/\/www.fritek.no\/index.php?rest_route=\/wp\/v2\/pages\/18","targetHints":{"allow":["GET"]}}],"collection":[{"href":"https:\/\/www.fritek.no\/index.php?rest_route=\/wp\/v2\/pages"}],"about":[{"href":"https:\/\/www.fritek.no\/index.php?rest_route=\/wp\/v2\/types\/page"}],"author":[{"embeddable":true,"href":"https:\/\/www.fritek.no\/index.php?rest_route=\/wp\/v2\/users\/3"}],"replies":[{"embeddable":true,"href":"https:\/\/www.fritek.no\/index.php?rest_route=%2Fwp%2Fv2%2Fcomments&post=18"}],"version-history":[{"count":0,"href":"https:\/\/www.fritek.no\/index.php?rest_route=\/wp\/v2\/pages\/18\/revisions"}],"wp:featuredmedia":[{"embeddable":true,"href":"https:\/\/www.fritek.no\/index.php?rest_route=\/wp\/v2\/media\/90"}],"wp:attachment":[{"href":"https:\/\/www.fritek.no\/index.php?rest_route=%2Fwp%2Fv2%2Fmedia&parent=18"}],"curies":[{"name":"wp","href":"https:\/\/api.w.org\/{rel}","templated":true}]}}