
{"id":2,"date":"2016-04-20T21:46:12","date_gmt":"2016-04-20T21:46:12","guid":{"rendered":"http:\/\/hverdagstekno.wpengine.com\/?page_id=2"},"modified":"2018-06-02T09:48:35","modified_gmt":"2018-06-02T09:48:35","slug":"sample-page","status":"publish","type":"page","link":"https:\/\/www.fritek.no\/?page_id=2","title":{"rendered":"Brukermedvirkning"},"content":{"rendered":"<p>Ved hjelp av forskning og brukermedvirkning har vi kommet kommet fram til velferdsteknologiske l\u00f8sninger som har blitt pr\u00f8vd ut av barn og unge i fritiden. Deres foreldre, avlastere og st\u00f8ttekontakter har v\u00e6rt involvert.<\/p>\n<p>Utpr\u00f8vingen har skjedd f\u00f8rst i workshops og i etablerte grupper i Ris\u00f8r kommune. Lek og utpr\u00f8ving av teknologier i workshops har gitt oss innspill om hva barn og ungdommer liker. Senere har det som falt i smak blitt pr\u00f8vd ut mer systematisk i gruppene, i hjemmene og sammen med avlastere og st\u00f8ttekontakter.<\/p>\n<p>P\u00e5 sidene under dette menyvalget vises metoder og tiln\u00e6rminger for \u00e5 <strong>utrede, avklare og strukturere<\/strong> brukerbehov og teknologivalg.<\/p>\n<div class=\"page\" title=\"Page 1\"><\/div>\n","protected":false},"excerpt":{"rendered":"<p>Ved hjelp av forskning og brukermedvirkning har vi kommet kommet fram til velferdsteknologiske l\u00f8sninger som har blitt pr\u00f8vd ut av barn og unge i fritiden. Deres foreldre, avlastere og st\u00f8ttekontakter har v\u00e6rt involvert. <a class=\"more-link\" href=\"https:\/\/www.fritek.no\/?page_id=2\"><\/a><\/p>\n","protected":false},"author":1,"featured_media":118,"parent":0,"menu_order":0,"comment_status":"closed","ping_status":"open","template":"","meta":{"footnotes":""},"class_list":["post-2","page","type-page","status-publish","has-post-thumbnail","hentry"],"_links":{"self":[{"href":"https:\/\/www.fritek.no\/index.php?rest_route=\/wp\/v2\/pages\/2","targetHints":{"allow":["GET"]}}],"collection":[{"href":"https:\/\/www.fritek.no\/index.php?rest_route=\/wp\/v2\/pages"}],"about":[{"href":"https:\/\/www.fritek.no\/index.php?rest_route=\/wp\/v2\/types\/page"}],"author":[{"embeddable":true,"href":"https:\/\/www.fritek.no\/index.php?rest_route=\/wp\/v2\/users\/1"}],"replies":[{"embeddable":true,"href":"https:\/\/www.fritek.no\/index.php?rest_route=%2Fwp%2Fv2%2Fcomments&post=2"}],"version-history":[{"count":0,"href":"https:\/\/www.fritek.no\/index.php?rest_route=\/wp\/v2\/pages\/2\/revisions"}],"wp:featuredmedia":[{"embeddable":true,"href":"https:\/\/www.fritek.no\/index.php?rest_route=\/wp\/v2\/media\/118"}],"wp:attachment":[{"href":"https:\/\/www.fritek.no\/index.php?rest_route=%2Fwp%2Fv2%2Fmedia&parent=2"}],"curies":[{"name":"wp","href":"https:\/\/api.w.org\/{rel}","templated":true}]}}