
{"id":20,"date":"2016-06-17T14:40:20","date_gmt":"2016-06-17T14:40:20","guid":{"rendered":"http:\/\/hverdagstekno.wpengine.com\/?page_id=20"},"modified":"2018-05-31T07:47:41","modified_gmt":"2018-05-31T07:47:41","slug":"bakgrunn","status":"publish","type":"page","link":"https:\/\/www.fritek.no\/?page_id=20","title":{"rendered":"Om prosjektene FRiTEK, FRiDA og FRiSTED"},"content":{"rendered":"<p>Barn og ungdom med utviklingshemning og autismespekterforstyrrelse (ASF) er ofte mindre sammen med jevnaldrende enn andre p\u00e5 fritiden. Foreldre m\u00e5 gjerne stille opp for \u00e5 gi sine barn en aktiv fritid. \u00c5 venne seg til \u00e5 v\u00e6re ute blant andre barn og unge og \u00e5 ha et sosialt liv med jevnaldrende er viktig enten man er normaltfungerende eller har utviklingshemning eller ASF. (Forkortelsene AST og ASD brukes ogs\u00e5 i Norge).<\/p>\n<p>Prosjektene FRiTEK, FRiDA og FRiSTED dreier seg om at barn og unge med utviklingshemning eller ASF bruker velferdsteknologi i fritiden p\u00e5 en m\u00e5te de har glede av og som gir avlastning til foreldrene. Avlastning kan for eksempel v\u00e6re at barn og ungdommer driver med eller deltar i fritidsaktiviteter p\u00e5 eget initiativ og\/eller selvstendig, eller at de deltar i organiserte aktiviteter som benytter velferdsteknologi. Dvs. at avlastningsbegrepet i prosjektene <em>ikke<\/em> skal forst\u00e5s kun slik at barna eller ungdommene er &#8216;p\u00e5 avlastning&#8217;.<\/p>\n<p>F\u00f8rst og fremst har vi sett p\u00e5 om kommersielle l\u00f8sninger som er vanlig blant barn og unge er velegnede for v\u00e5re m\u00e5lgrupper. Vi har kartlagt interesser og behov, og vi har pr\u00f8vd ut teknologier i praksis. Dette skjedde allerede i FRiTEK. Resultater og anbefalinger er publisert p\u00e5 dette nettstedet.<\/p>\n<p>Arbeidet fortsetter i 2018-19 i\u00a0 prosjektet FRiSTED i samarbeid med fire kommuner i Agder: Ris\u00f8r (prosjekteier), Farsund, Grimstad og Songdalen.<\/p>\n<p>I FRiTEK-prosjektets utpr\u00f8ving konsentrerte vi oss om enkelte videospill for dans og bevegelse, nettm\u00f8ter, skattejakt og bruken av sportsklokker og aktivitetsarmb\u00e5nd, samt GPS-klokker.\u00a0FRiDA-prosjektet utvidet utpr\u00f8vingen av teknologi til kunst og musikk, og spesielt det \u00e5 skape og v\u00e6re kreativ selv. P\u00e5 sidene under arkfanen <a href=\"https:\/\/www.fritek.no\/?page_id=18\">Fritidsteknologier<\/a>\u00a0presenterer vi disse.<\/p>\n<p>I FRiSTED-prosjektet i 2018-19 &#8220;g\u00e5r vi l\u00f8s p\u00e5&#8221; det aller nyeste: robotteknologi og VR (Virtual Reality, virtuell virkelighet).<\/p>\n<h2><span style=\"color: #800080;\">Resultater<\/span><\/h2>\n<p>Hovedresultatet fra FRiTEK er en\u00a0<a href=\"https:\/\/www.fritek.no\/wp-content\/uploads\/2017\/08\/FRIDA-veileder_nov_2018.pdf\" target=\"_blank\" rel=\"noopener\">veileder til familiep\u00e5r\u00f8rende og omsorgsfunksjone<\/a>ne\u00a0i kommuner n\u00e5r de tar i bruk eller anbefaler hverdagsteknologi til sine innbyggere. Denne kunnskapen vil ogs\u00e5 gj\u00f8res tilgjengelig p\u00e5 dette nettstedet.<\/p>\n<p>Hovedresultatet fra FRiDA er en id\u00e9bank (dette nettstedet) for foreldre og andre st\u00f8ttepersoner og hjelpere, og et videobibliotek som presenterer id\u00e9er til barn og ungdommer om aktiviteter de kan gj\u00f8re n\u00e5r de er alene hjemme. Ogs\u00e5 disse resultatene legges ut p\u00e5 dette nettstedet.<\/p>\n<p>I FRiSTED-prosjektet videreutvikler vi nettstedet. I tillegg til stoff om teknologiene og utpr\u00f8vingene, kommer vi til \u00e5 legge ut resultater fra aktiviteter som gjelder tjenestemodeller, metodedokumentasjon og gevinstrealisering.<\/p>\n<h2><span style=\"color: #800080;\">Partnere, roller og finansiering<\/span><\/h2>\n<p>Ris\u00f8r kommune er prosjekteier og samarbeider med Karde i alle tre prosjektene om gjennomf\u00f8ringen og produksjonen av de faglige resultatene.<\/p>\n<p>Karde bist\u00e5r Ris\u00f8r kommune med kartlegginger, teknologiaspekter, kunnskapsspredning og resultatformidling, og deltar i brukermedvirkning som f.eks. utforming og gjennomf\u00f8ring av workshops.<\/p>\n<p>I FRiSTED-prosjektet har vi i tillegg til <strong>Ris\u00f8r<\/strong>\u00a0kommune f\u00e5tt med p\u00e5 laget tre andre kommuner: <strong>Farsund, Grimstad og Songdalen<\/strong>. Teknologiene\u00a0 i prosjektet pr\u00f8ves ut i alle fire kommuner.<\/p>\n<p><strong>RKG<\/strong> (Regional koordineringsgruppe e-helse og velferdsteknologi) skal bist\u00e5 med spredning av resultater til alle andre Agder-kommuner.<\/p>\n<p>I prosjektene vil b\u00e5de foreldre, st\u00f8ttekontakter og avlastere samarbeide om \u00e5 pr\u00f8ve ut de mest velegnede velferdsteknologiske l\u00f8sningene p\u00e5 fritiden for barn og unge med utviklingshemning eller ASF.<\/p>\n<p>Prosjektene finansieres gjennom tilskudd fra <strong>Helsedirektoratet<\/strong>. FRiTEK ble bevilget i 2016 og FRiDA i 2017. FRiSTED ble bevilget i 2018. Tematisk og metodisk overlapper prosjektene noe, mens de tar for seg helt forskjellige teknologier og produserer sv\u00e6rt ulike leveranser.<\/p>\n","protected":false},"excerpt":{"rendered":"<p>Barn og ungdom med utviklingshemning og autismespekterforstyrrelse (ASF) er ofte mindre sammen med jevnaldrende enn andre p\u00e5 fritiden. Foreldre m\u00e5 gjerne stille opp for \u00e5 gi sine barn en aktiv fritid. \u00c5 venne <a class=\"more-link\" href=\"https:\/\/www.fritek.no\/?page_id=20\"><\/a><\/p>\n","protected":false},"author":3,"featured_media":0,"parent":0,"menu_order":0,"comment_status":"closed","ping_status":"closed","template":"","meta":{"footnotes":""},"class_list":["post-20","page","type-page","status-publish","hentry"],"_links":{"self":[{"href":"https:\/\/www.fritek.no\/index.php?rest_route=\/wp\/v2\/pages\/20","targetHints":{"allow":["GET"]}}],"collection":[{"href":"https:\/\/www.fritek.no\/index.php?rest_route=\/wp\/v2\/pages"}],"about":[{"href":"https:\/\/www.fritek.no\/index.php?rest_route=\/wp\/v2\/types\/page"}],"author":[{"embeddable":true,"href":"https:\/\/www.fritek.no\/index.php?rest_route=\/wp\/v2\/users\/3"}],"replies":[{"embeddable":true,"href":"https:\/\/www.fritek.no\/index.php?rest_route=%2Fwp%2Fv2%2Fcomments&post=20"}],"version-history":[{"count":0,"href":"https:\/\/www.fritek.no\/index.php?rest_route=\/wp\/v2\/pages\/20\/revisions"}],"wp:attachment":[{"href":"https:\/\/www.fritek.no\/index.php?rest_route=%2Fwp%2Fv2%2Fmedia&parent=20"}],"curies":[{"name":"wp","href":"https:\/\/api.w.org\/{rel}","templated":true}]}}