
{"id":209,"date":"2017-09-19T11:31:55","date_gmt":"2017-09-19T11:31:55","guid":{"rendered":"http:\/\/www.fritek.no\/?page_id=209"},"modified":"2017-11-26T20:45:32","modified_gmt":"2017-11-26T20:45:32","slug":"skattejakt-inne-og-ute","status":"publish","type":"page","link":"https:\/\/www.fritek.no\/?page_id=209","title":{"rendered":"Skattejakt inne og ute"},"content":{"rendered":"<h2><span style=\"color: #800080;\">Geocaching<\/span><\/h2>\n<p>Geocaching\u00a0har <a href=\"https:\/\/www.fritek.no\/?page_id=211\">egen nettside her<\/a>.<\/p>\n<div id=\"attachment_238\" style=\"width: 485px\" class=\"wp-caption alignright\"><img loading=\"lazy\" decoding=\"async\" aria-describedby=\"caption-attachment-238\" class=\"wp-image-238 \" src=\"https:\/\/www.fritek.no\/wp-content\/uploads\/2017\/09\/iStock_000025885857Small.jpg\" alt=\"Tre barn som hopper og l\u00f8per p\u00e5 en gressplen. De er glade.\" width=\"475\" height=\"316\" srcset=\"https:\/\/www.fritek.no\/wp-content\/uploads\/2017\/09\/iStock_000025885857Small.jpg 850w, https:\/\/www.fritek.no\/wp-content\/uploads\/2017\/09\/iStock_000025885857Small-300x199.jpg 300w, https:\/\/www.fritek.no\/wp-content\/uploads\/2017\/09\/iStock_000025885857Small-750x499.jpg 750w, https:\/\/www.fritek.no\/wp-content\/uploads\/2017\/09\/iStock_000025885857Small-360x240.jpg 360w\" sizes=\"auto, (max-width: 475px) 100vw, 475px\" \/><p id=\"caption-attachment-238\" class=\"wp-caption-text\">Skattejakt er en hyggelig og sosial aktivitet utend\u00f8rs. Store og sm\u00e5 geocacher finns overalt i landet b\u00e5de i lett og litt mer krevende terreng, ogs\u00e5 i byer og tettsteder. Sv\u00e6rt mange steder finns ogs\u00e5 Pok\u00e9moner.<\/p><\/div>\n<h2><span style=\"color: #800080;\">Pok\u00e9mon Go<\/span><\/h2>\n<p><a href=\"https:\/\/no.wikipedia.org\/wiki\/Pok%C3%A9mon_Go\" target=\"_blank\" rel=\"noopener\">Pok\u00e9mon Go<\/a> baserer seg p\u00e5 s\u00e5kalt utvidet virkelighet der mobilkameraet ser mer i omgivelsene enn brukeren gj\u00f8r selv. Det skjuler seg rare dyr og figurer (&#8220;monstre&#8221;) overalt rundt omkring, og mens brukeren beveger seg, f.eks. g\u00e5r gatelangs, kan man se p\u00e5 skjermen \u00a0hvor dyr og figurene er. Disse kan da &#8220;fanges&#8221; med mobilen.<\/p>\n<p>Pok\u00e9mon Go er en gratisapp som lastes ned p\u00e5 smarttelefonen fra App Store eller Google Play (Play Butikk).<\/p>\n<h2><span style=\"color: #800080;\">Stolpejakten<\/span><\/h2>\n<p><a href=\"https:\/\/stolpejakten.no\/\" target=\"_blank\" rel=\"noopener\">Stolpejakten<\/a>\u00a0g\u00e5r ut p\u00e5 \u00e5 finne stolper sentralt plassert i ulike kommuner. Stolpene kan registreres b\u00e5de manuelt, digitalt og ved \u00e5 laste ned en applikasjon p\u00e5 mobilen, slik at man kan lese QR-koden som hver stolpe er utstyrt med.<\/p>\n","protected":false},"excerpt":{"rendered":"<p>Geocaching Geocaching\u00a0har egen nettside her. Pok\u00e9mon Go Pok\u00e9mon Go baserer seg p\u00e5 s\u00e5kalt utvidet virkelighet der mobilkameraet ser mer i omgivelsene enn brukeren gj\u00f8r selv. Det skjuler seg rare dyr og figurer (&#8220;monstre&#8221;) <a class=\"more-link\" href=\"https:\/\/www.fritek.no\/?page_id=209\"><\/a><\/p>\n","protected":false},"author":4,"featured_media":0,"parent":0,"menu_order":0,"comment_status":"closed","ping_status":"closed","template":"","meta":{"footnotes":""},"class_list":["post-209","page","type-page","status-publish","hentry"],"_links":{"self":[{"href":"https:\/\/www.fritek.no\/index.php?rest_route=\/wp\/v2\/pages\/209","targetHints":{"allow":["GET"]}}],"collection":[{"href":"https:\/\/www.fritek.no\/index.php?rest_route=\/wp\/v2\/pages"}],"about":[{"href":"https:\/\/www.fritek.no\/index.php?rest_route=\/wp\/v2\/types\/page"}],"author":[{"embeddable":true,"href":"https:\/\/www.fritek.no\/index.php?rest_route=\/wp\/v2\/users\/4"}],"replies":[{"embeddable":true,"href":"https:\/\/www.fritek.no\/index.php?rest_route=%2Fwp%2Fv2%2Fcomments&post=209"}],"version-history":[{"count":0,"href":"https:\/\/www.fritek.no\/index.php?rest_route=\/wp\/v2\/pages\/209\/revisions"}],"wp:attachment":[{"href":"https:\/\/www.fritek.no\/index.php?rest_route=%2Fwp%2Fv2%2Fmedia&parent=209"}],"curies":[{"name":"wp","href":"https:\/\/api.w.org\/{rel}","templated":true}]}}