
{"id":211,"date":"2017-09-19T11:39:22","date_gmt":"2017-09-19T11:39:22","guid":{"rendered":"http:\/\/www.fritek.no\/?page_id=211"},"modified":"2017-10-05T11:34:32","modified_gmt":"2017-10-05T11:34:32","slug":"geocaching","status":"publish","type":"page","link":"https:\/\/www.fritek.no\/?page_id=211","title":{"rendered":"Geocaching"},"content":{"rendered":"<p>Geocaching er en slags skattejakt. Geocaching kan sammenlignes med orientering. Man leter etter poster, kalt &#8220;cacher&#8221; [k\u00e6sj] eller &#8216;geocacher&#8217;. Man finnes cachene ved hjelp av en GPS (for eksempel i smarttelefonen). Cachene er plassert ut over store deler av verden. Informasjon om alle cachene ligger p\u00e5 nettstedet <a href=\"https:\/\/www.geocaching.com\/play\/search\" target=\"_blank\" rel=\"noopener\">geocaching.com<\/a>. Den norske presentasjonen <a href=\"https:\/\/www.gcinfo.no\/hva-er-geocaching\/\" target=\"_blank\" rel=\"noopener\">finner du her<\/a>.<\/p>\n<div id=\"attachment_236\" style=\"width: 244px\" class=\"wp-caption alignright\"><img loading=\"lazy\" decoding=\"async\" aria-describedby=\"caption-attachment-236\" class=\" wp-image-236\" src=\"https:\/\/www.fritek.no\/wp-content\/uploads\/2017\/09\/Gutt-med-mobil-i-skogen.jpg\" alt=\"Gutt med smarttelefonen sin i skogen. Han leter etter en geocache.\" width=\"234\" height=\"351\" srcset=\"https:\/\/www.fritek.no\/wp-content\/uploads\/2017\/09\/Gutt-med-mobil-i-skogen.jpg 1811w, https:\/\/www.fritek.no\/wp-content\/uploads\/2017\/09\/Gutt-med-mobil-i-skogen-200x300.jpg 200w, https:\/\/www.fritek.no\/wp-content\/uploads\/2017\/09\/Gutt-med-mobil-i-skogen-400x600.jpg 400w\" sizes=\"auto, (max-width: 234px) 100vw, 234px\" \/><p id=\"caption-attachment-236\" class=\"wp-caption-text\">Gutt med smarttelefonen sin i skogen. Han leter etter en geocache.<\/p><\/div>\n<h2><span style=\"color: #800080;\">Plusser og minuser<\/span><\/h2>\n<h3>Positivt<\/h3>\n<ul>\n<li>Spillet engasjerer.<\/li>\n<li>Spillet er sosialt: det er g\u00f8y \u00e5 spille og lete etter cacher sammen med noen, og det finnes grupper og samlinger.<\/li>\n<li>Man kommer ut sommer som vinter.<\/li>\n<li>Cacher finnes overalt, b\u00e5de i naturen og i byen, ute og noen ganger inne i offentlige bygninger.<\/li>\n<li>De finnes mange lette cacher.<\/li>\n<li>Man kan lage og registrere sine egne cacher.<\/li>\n<li>Smarttelefon med GPS-mottaker og en gratisversjon av appen er nok for \u00e5 spille.<\/li>\n<\/ul>\n<h3>Mulige ulemper<\/h3>\n<ul>\n<li>Cacher kan v\u00e6re farlig plassert.<\/li>\n<li>Reglene for \u00e5 plassere ut egne cacher kan v\u00e6re vanskelig \u00e5 f\u00f8lge. Man har ogs\u00e5 et vedlikeholdsansvar for egne cacher.<\/li>\n<li>For tilrettelagt Geocaching har Karde utarbeidet en <a href=\"http:\/\/www.karde.no\/wp-content\/uploads\/2015\/03\/Veileder-om-Geocaching_Karde.pdf\" target=\"_blank\" rel=\"noopener\">Veileder om enklere, tryggere og morsommere Geocaching<\/a>.<\/li>\n<\/ul>\n<div id=\"attachment_237\" style=\"width: 422px\" class=\"wp-caption alignright\"><img loading=\"lazy\" decoding=\"async\" aria-describedby=\"caption-attachment-237\" class=\" wp-image-237\" src=\"https:\/\/www.fritek.no\/wp-content\/uploads\/2017\/09\/iStock-538964657-GEOCACHE.jpg\" alt=\"Geocache som er gjemt inne i en liggende trestamme. DEn er like stor som en isboks.\" width=\"412\" height=\"275\" srcset=\"https:\/\/www.fritek.no\/wp-content\/uploads\/2017\/09\/iStock-538964657-GEOCACHE.jpg 4074w, https:\/\/www.fritek.no\/wp-content\/uploads\/2017\/09\/iStock-538964657-GEOCACHE-300x200.jpg 300w, https:\/\/www.fritek.no\/wp-content\/uploads\/2017\/09\/iStock-538964657-GEOCACHE-900x600.jpg 900w, https:\/\/www.fritek.no\/wp-content\/uploads\/2017\/09\/iStock-538964657-GEOCACHE-750x499.jpg 750w, https:\/\/www.fritek.no\/wp-content\/uploads\/2017\/09\/iStock-538964657-GEOCACHE-360x240.jpg 360w\" sizes=\"auto, (max-width: 412px) 100vw, 412px\" \/><p id=\"caption-attachment-237\" class=\"wp-caption-text\">Geocache som er gjemt inn i en trestamme.<\/p><\/div>\n<h2><span style=\"color: #800080;\">Videoer p\u00e5 YouTube<\/span><\/h2>\n<p>Enkelte videoer kan inneholde reklame f\u00f8r selve innslaget.<\/p>\n<h3>P\u00e5 norsk<\/h3>\n<ul>\n<li><a href=\"https:\/\/www.youtube.com\/watch?v=XrB4oaueqUM\" target=\"_blank\" rel=\"noopener\">Utlegging av en cach 1<\/a><\/li>\n<li><a href=\"https:\/\/www.youtube.com\/watch?v=7SMllXbxzVE\" target=\"_blank\" rel=\"noopener\">Utlegging av en cach 2<\/a><\/li>\n<\/ul>\n<h3>P\u00e5 engelsk<\/h3>\n<ul>\n<li><a href=\"https:\/\/www.youtube.com\/watch?v=snWVGDkpF4M\" target=\"_blank\" rel=\"noopener\">Geocaching i Norge<\/a><\/li>\n<li><a href=\"https:\/\/www.youtube.com\/watch?v=1YTqitVK-Ts\" target=\"_blank\" rel=\"noopener\">Introduksjon til Geocaching<\/a><\/li>\n<li><a href=\"https:\/\/www.youtube.com\/watch?v=Au93iUFMpZI\" target=\"_blank\" rel=\"noopener\">Et barn introduserer Geocaching<\/a><\/li>\n<li><a href=\"https:\/\/www.youtube.com\/watch?v=qq1zlIDdXrg\" target=\"_blank\" rel=\"noopener\">\u00c5 lage en Geocache<\/a><\/li>\n<\/ul>\n<h2><span style=\"color: #800080;\">Prisniv\u00e5<\/span><\/h2>\n<ul>\n<li>Smarttelefon: avhengig av merke, modell og type abonnement.<\/li>\n<li>Geocaching Premium-abonnement med mange tilleggsfunksjoner: ca. 240 kr pr. \u00e5r eller 80 kr pr. m\u00e5ned.<\/li>\n<\/ul>\n","protected":false},"excerpt":{"rendered":"<p>Geocaching er en slags skattejakt. Geocaching kan sammenlignes med orientering. Man leter etter poster, kalt &#8220;cacher&#8221; [k\u00e6sj] eller &#8216;geocacher&#8217;. Man finnes cachene ved hjelp av en GPS (for eksempel i smarttelefonen). Cachene er <a class=\"more-link\" href=\"https:\/\/www.fritek.no\/?page_id=211\"><\/a><\/p>\n","protected":false},"author":4,"featured_media":0,"parent":0,"menu_order":0,"comment_status":"closed","ping_status":"closed","template":"","meta":{"footnotes":""},"class_list":["post-211","page","type-page","status-publish","hentry"],"_links":{"self":[{"href":"https:\/\/www.fritek.no\/index.php?rest_route=\/wp\/v2\/pages\/211","targetHints":{"allow":["GET"]}}],"collection":[{"href":"https:\/\/www.fritek.no\/index.php?rest_route=\/wp\/v2\/pages"}],"about":[{"href":"https:\/\/www.fritek.no\/index.php?rest_route=\/wp\/v2\/types\/page"}],"author":[{"embeddable":true,"href":"https:\/\/www.fritek.no\/index.php?rest_route=\/wp\/v2\/users\/4"}],"replies":[{"embeddable":true,"href":"https:\/\/www.fritek.no\/index.php?rest_route=%2Fwp%2Fv2%2Fcomments&post=211"}],"version-history":[{"count":0,"href":"https:\/\/www.fritek.no\/index.php?rest_route=\/wp\/v2\/pages\/211\/revisions"}],"wp:attachment":[{"href":"https:\/\/www.fritek.no\/index.php?rest_route=%2Fwp%2Fv2%2Fmedia&parent=211"}],"curies":[{"name":"wp","href":"https:\/\/api.w.org\/{rel}","templated":true}]}}