
{"id":216,"date":"2017-09-19T13:14:19","date_gmt":"2017-09-19T13:14:19","guid":{"rendered":"http:\/\/www.fritek.no\/?page_id=216"},"modified":"2018-02-12T17:44:34","modified_gmt":"2018-02-12T17:44:34","slug":"nettmote-med-venner","status":"publish","type":"page","link":"https:\/\/www.fritek.no\/?page_id=216","title":{"rendered":"Nettm\u00f8te med venner"},"content":{"rendered":"<p>Det fins mange applikasjoner og nettjenester som kobler sammen brukere med videoforbindelse. Her er noen eksempler som kan benyttes n\u00e5r brukere ikke har anledning til \u00e5 m\u00f8tes vanlig:<\/p>\n<div id=\"attachment_200\" style=\"width: 336px\" class=\"wp-caption alignright\"><img loading=\"lazy\" decoding=\"async\" aria-describedby=\"caption-attachment-200\" class=\" wp-image-200\" src=\"https:\/\/www.fritek.no\/wp-content\/uploads\/2017\/08\/iStock-576724438.jpg\" alt=\"Smilende jente bruker tegnspr\u00e5k p\u00e5 nettbrettet\" width=\"326\" height=\"217\" srcset=\"https:\/\/www.fritek.no\/wp-content\/uploads\/2017\/08\/iStock-576724438.jpg 5760w, https:\/\/www.fritek.no\/wp-content\/uploads\/2017\/08\/iStock-576724438-300x200.jpg 300w, https:\/\/www.fritek.no\/wp-content\/uploads\/2017\/08\/iStock-576724438-900x600.jpg 900w, https:\/\/www.fritek.no\/wp-content\/uploads\/2017\/08\/iStock-576724438-750x499.jpg 750w, https:\/\/www.fritek.no\/wp-content\/uploads\/2017\/08\/iStock-576724438-360x240.jpg 360w\" sizes=\"auto, (max-width: 326px) 100vw, 326px\" \/><p id=\"caption-attachment-200\" class=\"wp-caption-text\">Applikasjoner for nettm\u00f8ter kan gi sosial kontakt selv om man ikke kan m\u00f8tes &#8220;p\u00e5 ordentlig&#8221;.<\/p><\/div>\n<ul>\n<li><a href=\"https:\/\/appear.in\/\" target=\"_blank\" rel=\"noopener\">appear.in<\/a>\u00a0er en sv\u00e6rt enkel m\u00f8teapplikasjon som \u00e5pnes i nettleseren. Ingen nedlasting trengs. Venner kan m\u00f8te hverandre i grupper. Det er mulig \u00e5 lage &#8220;rom&#8221; som man eier og deler med sine venner. Man kan se hverandre, snakke og &#8220;lime&#8221; morsomme, digitale klistermerker p\u00e5 skjermen. Venner inviteres til m\u00f8tet ved \u00e5 sende lenken til nettm\u00f8tet.<br \/>\nVi har laget en\u00a0<a href=\"https:\/\/www.fritek.no\/wp-content\/uploads\/2016\/06\/FRITEK-nettm\u00f8teveiledning.pdf\" target=\"_blank\" rel=\"noopener\">enkel veileder for appear.in<\/a>\u00a0(pdf-dokument p\u00e5 4 sider).<\/li>\n<li><a href=\"https:\/\/www.skype.com\/no\/\" target=\"_blank\" rel=\"noopener\">Skype<\/a>\u00a0er et kjent system for nettm\u00f8ter. Nedlasting av en applikasjon er n\u00f8dvendig.<\/li>\n<li><a href=\"https:\/\/www.telenor.no\/privat\/mobilhjelpen\/steg\/tjenester-og-apper\/iphone\/facetime.jsp\" target=\"_blank\" rel=\"noopener\">FaceTime<\/a>\u00a0Apples l\u00f8sning for videotelefoni. Brukeren kan f\u00f8re videosamtaler via WiFi til og fra iPhone, iPad, iPod touch eller Mac.<\/li>\n<li><a href=\"https:\/\/www.whatsapp.com\/features\/\" target=\"_blank\" rel=\"noopener\">WhatsApp<\/a> er en applikasjon for utveksling av meldinger mellom venner og familie. WhatsApp bruker telefonens internettilkobling for \u00e5 sende meldingene. Med gruppesamtaler kan du dele meldinger, bilder og videoer med mange personer samtidig. Du kan ogs\u00e5 navngi grupper.<\/li>\n<\/ul>\n<p>Barna kan ha lyst til \u00e5 benytte applikasjoner for nettm\u00f8ter, men de f\u00f8ler at det ikke er s\u00e5 lett \u00e5 finne noe \u00e5 snakke om. Vi har laget et lite <a href=\"https:\/\/www.fritek.no\/wp-content\/uploads\/2018\/02\/FRITEK-noe-\u00e5-snakke-om-i-nettm\u00f8te.pdf\" target=\"_blank\" rel=\"noopener\">tipsdokument<\/a> for \u00e5 illustrere hva de kan ha med til et nettm\u00f8te med venner. Temaene og illustrasjonene kan naturligvis variere for de ulike barn og ungdommer. Slike &#8220;tipsplakater&#8221; er lett \u00e5 lage for eksempel i PowerPoint.<\/p>\n<h2><span style=\"color: #800080;\">Videoer<\/span><\/h2>\n<ul>\n<li><a href=\"https:\/\/www.youtube.com\/watch?v=FWPNQAoatvg\" target=\"_blank\" rel=\"noopener\">Presentasjon av appear.in 1<\/a> (p\u00e5 engelsk)<\/li>\n<li><a href=\"https:\/\/www.youtube.com\/watch?v=WrZJZKJKv-A&amp;t=51s\" target=\"_blank\" rel=\"noopener\">Presentasjon av appear.in 2<\/a> (p\u00e5 engelsk)<\/li>\n<li><a href=\"https:\/\/www.youtube.com\/watch?v=FYp49Cw-cHg\" target=\"_blank\" rel=\"noopener\">5 nettm\u00f8teapplikasjoner med skjermdeling<\/a> (p\u00e5 engelsk)<\/li>\n<\/ul>\n","protected":false},"excerpt":{"rendered":"<p>Det fins mange applikasjoner og nettjenester som kobler sammen brukere med videoforbindelse. Her er noen eksempler som kan benyttes n\u00e5r brukere ikke har anledning til \u00e5 m\u00f8tes vanlig: appear.in\u00a0er en sv\u00e6rt enkel m\u00f8teapplikasjon <a class=\"more-link\" href=\"https:\/\/www.fritek.no\/?page_id=216\"><\/a><\/p>\n","protected":false},"author":4,"featured_media":0,"parent":0,"menu_order":0,"comment_status":"closed","ping_status":"closed","template":"","meta":{"footnotes":""},"class_list":["post-216","page","type-page","status-publish","hentry"],"_links":{"self":[{"href":"https:\/\/www.fritek.no\/index.php?rest_route=\/wp\/v2\/pages\/216","targetHints":{"allow":["GET"]}}],"collection":[{"href":"https:\/\/www.fritek.no\/index.php?rest_route=\/wp\/v2\/pages"}],"about":[{"href":"https:\/\/www.fritek.no\/index.php?rest_route=\/wp\/v2\/types\/page"}],"author":[{"embeddable":true,"href":"https:\/\/www.fritek.no\/index.php?rest_route=\/wp\/v2\/users\/4"}],"replies":[{"embeddable":true,"href":"https:\/\/www.fritek.no\/index.php?rest_route=%2Fwp%2Fv2%2Fcomments&post=216"}],"version-history":[{"count":0,"href":"https:\/\/www.fritek.no\/index.php?rest_route=\/wp\/v2\/pages\/216\/revisions"}],"wp:attachment":[{"href":"https:\/\/www.fritek.no\/index.php?rest_route=%2Fwp%2Fv2%2Fmedia&parent=216"}],"curies":[{"name":"wp","href":"https:\/\/api.w.org\/{rel}","templated":true}]}}