
{"id":22,"date":"2016-06-17T14:47:02","date_gmt":"2016-06-17T14:47:02","guid":{"rendered":"http:\/\/hverdagstekno.wpengine.com\/?page_id=22"},"modified":"2018-11-10T20:29:24","modified_gmt":"2018-11-10T20:29:24","slug":"lenker-og-kilder","status":"publish","type":"page","link":"https:\/\/www.fritek.no\/?page_id=22","title":{"rendered":"Faglig relatert"},"content":{"rendered":"<h2><span style=\"color: #800080;\">Velferdsteknologi<\/span><\/h2>\n<ul>\n<li><a href=\"https:\/\/www.ehelseagder.no\/om-rkg\/\" target=\"_blank\" rel=\"noopener\">Regional koordineringsgruppe e-helse og velferdsteknologi Agder (RKG)<\/a><\/li>\n<li><a href=\"https:\/\/helsedirektoratet.no\/velferdsteknologi#-rapporter-og-utredninger\" target=\"_blank\" rel=\"noopener\">Nasjonalt velferdsteknologiprogram<\/a><\/li>\n<li><a href=\"http:\/\/www.ks.no\/fagomrader\/utvikling\/innovasjon\/velferdsteknologi\/velferdsteknologiens-abc\/\" target=\"_blank\" rel=\"noopener\">Velferdsteknologiens ABC \u2013 oppl\u00e6ringspakke til kommunene<\/a><\/li>\n<\/ul>\n<h2><span style=\"color: #800080;\">Andre nettsteder om fritid<\/span><\/h2>\n<ul>\n<li><a href=\"http:\/\/www.fritidforalle.no\" target=\"_blank\" rel=\"noopener\">Fritid for alle<\/a> (nasjonalt nettsted knyttet til fagfeltet st\u00f8ttekontakt, kultur og fritidsdeltakelse)<\/li>\n<li><a href=\"http:\/\/www.fritidmedmening.no\" target=\"_blank\" rel=\"noopener\">Fritid med mening<\/a> (informasjons- og oppl\u00e6ringsressurs for st\u00f8ttekontaktvirksomhet)<\/li>\n<\/ul>\n<h2><span style=\"color: #800080;\">Rapporter, NOUer<\/span><\/h2>\n<ul>\n<li><a href=\"https:\/\/ehealthresearch.no\/files\/documents\/Prosjektrapporter\/NSE-rapport_2016-02_Kunnskapsoppsummering_Eksisterende_vf-teknologiutprovinger.pdf\" target=\"_blank\" rel=\"noopener\">Kunnskapsoppsummering: Eksisterende velferdsteknologiutpr\u00f8vinger i Norden\u00a0for barn og unge med funksjonsnedsettelser\u00a0<\/a>\u00a0(Knarvik U., Trondsen M. V., Nasjonalt senter for e-helseforskning)<\/li>\n<li><a href=\"https:\/\/helsedirektoratet.no\/Documents\/Velferdsteknologi\/NSE-rapport_2018-01_Innforing_av_velferdsteknologi.pdf\" target=\"_blank\" rel=\"noopener\">Innf\u00f8ring av velferdsteknologi for\u00a0barn og unge med funksjonsnedsettelser<\/a> (Rotvold G.-H., Knarvik U., Trondsen M. V., Nasjonalt senter for e-helseforskning)<br \/>\n<a href=\"https:\/\/www.regjeringen.no\/globalassets\/upload\/BLD\/Rapporter\/2010\/info_og_utvikl_program_210_2013.pdf\" target=\"_blank\" rel=\"noopener\">Mennesker med utviklingshemming\u00a0skal heller ikke diskrimineres!<\/a><\/li>\n<li><a href=\"https:\/\/www.regjeringen.no\/contentassets\/b0baf226586543ada7c530b4482678b8\/no\/pdfs\/nou201620160017000dddpdfs.pdf\" target=\"_blank\" rel=\"noopener\">P\u00e5 lik linje.\u00a0\u00c5tte l\u00f8ft for \u00e5 realisere grunnleggende rettigheter\u00a0for personer med utviklingshemming<\/a>. NOU 2016: 17.<\/li>\n<\/ul>\n<h2><span style=\"color: #800080;\">Jus og etikk<\/span><\/h2>\n<ul>\n<li><a href=\"https:\/\/lovdata.no\/dokument\/NL\/lov\/2011-06-24-30\/KAPITTEL_9#%C2%A79-1\" target=\"_blank\" rel=\"noopener\">Lov om kommunale helse- og omsorgstjenester<\/a> m.m. (helse- og omsorgstjenesteloven)<\/li>\n<li><a href=\"https:\/\/lovdata.no\/dokument\/SF\/forskrift\/2011-12-16-1256\" target=\"_blank\" rel=\"noopener\">Forskrift om habilitering og rehabilitering, individuell plan og koordinator<\/a><\/li>\n<li><a href=\"https:\/\/helsedirektoratet.no\/retningslinjer\/rehabilitering-habilitering-individuell-plan-og-koordinator\/seksjon?Tittel=individuell-plan-og-koordinator-6935\" target=\"_blank\" rel=\"noopener\">Veileder om rehabilitering, habilitering, individuell plan og koordinator<\/a>\u00a0(Helsedirektoratet)<\/li>\n<li><a href=\"http:\/\/www.ks.no\/contentassets\/a920496503954698b773aa3c70667c28\/velferdsteknologiens-abc-del-c-nettversjon.pdf\" target=\"_blank\" rel=\"noopener\">Lovverk og etikk<\/a> (Velferdsteknologiens ABC, KS)<\/li>\n<\/ul>\n<h2><span style=\"color: #800080;\">Om nedsatt kognitiv funksjonsevne<\/span><\/h2>\n<ul>\n<li><a href=\"https:\/\/www.bufdir.no\/Nedsatt_funksjonsevne\/Hva_er_nedsatt_funksjonsevne\/Hva_er_nedsatt_funksjonsevne\/\" target=\"_blank\" rel=\"noopener\">Hva er nedsatt funksjonsevne?<\/a> (Barne-, familie og ungdomsdirektoratet)<\/li>\n<li><a href=\"https:\/\/helsenorge.no\/sykdom\/psykiske-lidelser\/utviklings-og-adferdsforstyrrelser\/autisme\" target=\"_blank\" rel=\"noopener\">Autisme<\/a>\u00a0(helsenorge.no)<\/li>\n<li><a href=\"http:\/\/www.samordningsradet.no\/stiftelsensor.cfm?pArticleId=40427&amp;pArticleCollectionId=4205\" target=\"_blank\" rel=\"noopener\">Hva er utviklingshemning?<\/a> (Stiftelsen SOR)<\/li>\n<\/ul>\n<h2><span style=\"color: #800080;\">Organisasjoner<\/span><\/h2>\n<h3>Kunnskaps- og kompetansesentre<\/h3>\n<ul>\n<li><a href=\"http:\/\/www.frambu.no\" target=\"_blank\" rel=\"noopener\">FRAMBU<\/a>\u00a0kompetansesenter for sjeldne diagnoser<\/li>\n<li><a href=\"https:\/\/naku.no\/\" target=\"_blank\" rel=\"noopener\">NAKU<\/a> (Nasjonalt kompetansemilj\u00f8 om utviklingshemning)<\/li>\n<li><a href=\"http:\/\/www.nevsom.no\/\" target=\"_blank\" rel=\"noopener\">NevSom<\/a> (Nasjonalt kompetansesenter for\u00a0nevroutviklingsforstyrrelser og hypersomnie)<\/li>\n<li><a href=\"http:\/\/www.aktivung.no\/\" target=\"_blank\" rel=\"noopener\">Nasjonal kompetansetjeneste for barn og unge med funksjonsnedsettelser<\/a> (Aktiv Ung)<\/li>\n<\/ul>\n<h3>Interesseorganisasjoner<\/h3>\n<ul>\n<li><a href=\"http:\/\/autismeforeningen.no\" target=\"_blank\" rel=\"noopener\">Autismeforeningen i Norge<\/a><\/li>\n<li><a href=\"http:\/\/www.nfunorge.org\" target=\"_blank\" rel=\"noopener\">NFU<\/a> (Norsk Forbund for Utviklingshemmede)<\/li>\n<li><a href=\"http:\/\/www.nnds.no\/\" target=\"_blank\" rel=\"noopener\">NNDS<\/a> (Norsk Nettverk for Down Syndrom)<\/li>\n<li><a href=\"http:\/\/www.ungefunksjonshemmede.no\/\" target=\"_blank\" rel=\"noopener\">Unge funksjonshemmede<\/a><\/li>\n<li><a href=\"http:\/\/www.samordningsradet.no\/\" target=\"_blank\" rel=\"noopener\">Stiftelsen SOR<\/a><\/li>\n<\/ul>\n","protected":false},"excerpt":{"rendered":"<p>Velferdsteknologi Regional koordineringsgruppe e-helse og velferdsteknologi Agder (RKG) Nasjonalt velferdsteknologiprogram Velferdsteknologiens ABC \u2013 oppl\u00e6ringspakke til kommunene Andre nettsteder om fritid Fritid for alle (nasjonalt nettsted knyttet til fagfeltet st\u00f8ttekontakt, kultur og fritidsdeltakelse) Fritid <a class=\"more-link\" href=\"https:\/\/www.fritek.no\/?page_id=22\"><\/a><\/p>\n","protected":false},"author":3,"featured_media":245,"parent":0,"menu_order":0,"comment_status":"closed","ping_status":"closed","template":"","meta":{"footnotes":""},"class_list":["post-22","page","type-page","status-publish","has-post-thumbnail","hentry"],"_links":{"self":[{"href":"https:\/\/www.fritek.no\/index.php?rest_route=\/wp\/v2\/pages\/22","targetHints":{"allow":["GET"]}}],"collection":[{"href":"https:\/\/www.fritek.no\/index.php?rest_route=\/wp\/v2\/pages"}],"about":[{"href":"https:\/\/www.fritek.no\/index.php?rest_route=\/wp\/v2\/types\/page"}],"author":[{"embeddable":true,"href":"https:\/\/www.fritek.no\/index.php?rest_route=\/wp\/v2\/users\/3"}],"replies":[{"embeddable":true,"href":"https:\/\/www.fritek.no\/index.php?rest_route=%2Fwp%2Fv2%2Fcomments&post=22"}],"version-history":[{"count":0,"href":"https:\/\/www.fritek.no\/index.php?rest_route=\/wp\/v2\/pages\/22\/revisions"}],"wp:featuredmedia":[{"embeddable":true,"href":"https:\/\/www.fritek.no\/index.php?rest_route=\/wp\/v2\/media\/245"}],"wp:attachment":[{"href":"https:\/\/www.fritek.no\/index.php?rest_route=%2Fwp%2Fv2%2Fmedia&parent=22"}],"curies":[{"name":"wp","href":"https:\/\/api.w.org\/{rel}","templated":true}]}}