
{"id":220,"date":"2017-09-19T13:35:09","date_gmt":"2017-09-19T13:35:09","guid":{"rendered":"http:\/\/www.fritek.no\/?page_id=220"},"modified":"2017-11-21T09:59:20","modified_gmt":"2017-11-21T09:59:20","slug":"sosiale-medier-og-nettvett","status":"publish","type":"page","link":"https:\/\/www.fritek.no\/?page_id=220","title":{"rendered":"Sosiale medier og nettvett"},"content":{"rendered":"<header class=\"entry-header\"><\/header>\n<div class=\"entry-content\">\n<p>Mange barn og ungdommer er flinke og flittige brukere av sosiale medier, f.eks. Facebook, YouTube, Snapchat, WhatsApp, Instagram osv. Dette gjelder ogs\u00e5 barn og ungdommer med utviklingshemning. Sosiale medier kan tilby en fin mulighet \u00e5 v\u00e6re i kontakt med venner, men det er ogs\u00e5 viktig \u00e5 forst\u00e5 hvordan barn og ungdommer b\u00f8r skjermes for u\u00f8nsket innhold og kontakt med fremmede som ikke har gode hensikter.<\/p>\n<div id=\"attachment_239\" style=\"width: 373px\" class=\"wp-caption alignright\"><img loading=\"lazy\" decoding=\"async\" aria-describedby=\"caption-attachment-239\" class=\" wp-image-239\" src=\"https:\/\/www.fritek.no\/wp-content\/uploads\/2017\/09\/iStock-576594540-gutt-med-caps-og-mobil.jpg\" alt=\"Gutt med caps stirrer intenst p\u00e5 mobiltelefonen. En bil n\u00e6rmer seg i bakgrunnen uten at han tilsynelatende legger merke til det.\" width=\"363\" height=\"249\" srcset=\"https:\/\/www.fritek.no\/wp-content\/uploads\/2017\/09\/iStock-576594540-gutt-med-caps-og-mobil.jpg 3814w, https:\/\/www.fritek.no\/wp-content\/uploads\/2017\/09\/iStock-576594540-gutt-med-caps-og-mobil-300x205.jpg 300w, https:\/\/www.fritek.no\/wp-content\/uploads\/2017\/09\/iStock-576594540-gutt-med-caps-og-mobil-877x600.jpg 877w\" sizes=\"auto, (max-width: 363px) 100vw, 363px\" \/><p id=\"caption-attachment-239\" class=\"wp-caption-text\">Gutt spiller med mobilen ute i gaten. Legger han merke til bilen som n\u00e6rmer seg? Ser han noe skummelt p\u00e5 skjermen?<\/p><\/div>\n<p>Det er lurt \u00e5 snakke med barn og unge om bruk av internett og nettvett. Det er viktig at barn og unge l\u00e6rer hvordan de skal bruke nettet og samtidig skape en god dialog mellom barn og voksne rundt bruken.\u00a0I tillegg b\u00f8r barn og ungdommer l\u00e6re hvordan de selv skal oppf\u00f8re seg p\u00e5 nettet, f.eks. mot andre i sosiale medier. Et godt r\u00e5d er ogs\u00e5 ikke \u00e5 bruke mobiltelefonen eller nettbrettet ute i trafikken.<\/p>\n<p>Her f\u00f8lger noen nyttige artikler om bruken av \u201cdata\u201d, sosiale medier og nettvett generelt:<\/p>\n<ul>\n<li><a href=\"http:\/\/www.cw.no\/artikkel\/sosiale-medier\/trygg-nettbruk-barn\" target=\"_blank\" rel=\"noopener\">Trygg nettbruk for barn<\/a>\u00a0(Computerworld)<\/li>\n<li><a href=\"https:\/\/www.reddbarna.no\/vaart-arbeid\/barn-i-norge\/nettvett\/barn-og-digitale-medier\" target=\"_blank\" rel=\"noopener\">Barn og digitale medier<\/a>\u00a0(Redd Barna)<\/li>\n<li><a href=\"https:\/\/nettvett.no\/redd-barnas-nettvettregler\/\" target=\"_blank\" rel=\"noopener\">Redd Barnas nettvettregler<\/a><\/li>\n<li><a href=\"https:\/\/nettvett.no\/sikkerhet-i-sosiale-medier\/\" target=\"_blank\" rel=\"noopener\">Tips fra nettvett.no<\/a><\/li>\n<\/ul>\n<p>Kardes nettvettregler for barn med utviklingshemning:<\/p>\n<ul>\n<li><a title=\"Nettvett \u00e5pnes i ny fane\" href=\"http:\/\/www.karde.no\/wp-content\/uploads\/2014\/10\/Nettvett-for-ungdommer_STORE_BOKSTAVER-forenklet.pdf\" target=\"_blank\" rel=\"noopener\">Nettvett for ungdommer i sosiale medier<\/a>\u00a0\u2013\u00a0forenklet, store bokstaver<\/li>\n<li><a title=\"Nettvett \u00e5pnes i ny fane\" href=\"http:\/\/www.karde.no\/wp-content\/uploads\/2014\/10\/Nettvett-for-ungdommer_FYLDIG.pdf\" target=\"_blank\" rel=\"noopener\">Nettvett for ungdommer i sosiale medier\u00a0<\/a>\u2013\u00a0fyldig, vanlige bokstaver<\/li>\n<\/ul>\n<p>Snakk med ungdommen om nettbruk og nettvett. Dersom ungdommen selv eller du oppdager noe som kan v\u00e6re kriminelt (utnyttelse, utpressing o.l. via internett), kan du <a href=\"https:\/\/www.politiet.no\/tjenester\/tips-politi\" target=\"_blank\" rel=\"noopener\">tipse eller ta kontakt med politiet<\/a>.<\/p>\n<\/div>\n","protected":false},"excerpt":{"rendered":"<p>Mange barn og ungdommer er flinke og flittige brukere av sosiale medier, f.eks. Facebook, YouTube, Snapchat, WhatsApp, Instagram osv. Dette gjelder ogs\u00e5 barn og ungdommer med utviklingshemning. Sosiale medier kan tilby en fin <a class=\"more-link\" href=\"https:\/\/www.fritek.no\/?page_id=220\"><\/a><\/p>\n","protected":false},"author":4,"featured_media":0,"parent":0,"menu_order":0,"comment_status":"closed","ping_status":"closed","template":"","meta":{"footnotes":""},"class_list":["post-220","page","type-page","status-publish","hentry"],"_links":{"self":[{"href":"https:\/\/www.fritek.no\/index.php?rest_route=\/wp\/v2\/pages\/220","targetHints":{"allow":["GET"]}}],"collection":[{"href":"https:\/\/www.fritek.no\/index.php?rest_route=\/wp\/v2\/pages"}],"about":[{"href":"https:\/\/www.fritek.no\/index.php?rest_route=\/wp\/v2\/types\/page"}],"author":[{"embeddable":true,"href":"https:\/\/www.fritek.no\/index.php?rest_route=\/wp\/v2\/users\/4"}],"replies":[{"embeddable":true,"href":"https:\/\/www.fritek.no\/index.php?rest_route=%2Fwp%2Fv2%2Fcomments&post=220"}],"version-history":[{"count":0,"href":"https:\/\/www.fritek.no\/index.php?rest_route=\/wp\/v2\/pages\/220\/revisions"}],"wp:attachment":[{"href":"https:\/\/www.fritek.no\/index.php?rest_route=%2Fwp%2Fv2%2Fmedia&parent=220"}],"curies":[{"name":"wp","href":"https:\/\/api.w.org\/{rel}","templated":true}]}}