
{"id":224,"date":"2017-09-21T06:48:47","date_gmt":"2017-09-21T06:48:47","guid":{"rendered":"http:\/\/www.fritek.no\/?page_id=224"},"modified":"2017-11-26T20:49:19","modified_gmt":"2017-11-26T20:49:19","slug":"sportsarmband-og-aktivitetsmalere","status":"publish","type":"page","link":"https:\/\/www.fritek.no\/?page_id=224","title":{"rendered":"Sportsarmb\u00e5nd og aktivitetsm\u00e5lere"},"content":{"rendered":"<p>Armb\u00e5nd og m\u00e5lere som viser aktivitet, f.eks. antall skritt per dag, kan motivere noen til mer fysisk aktivitet. Det er ogs\u00e5 mulig \u00e5 kombinere oppn\u00e5dde m\u00e5l med en enkel bel\u00f8nning, f.eks. klistermerker eller en hyggelig aktivitet sammen (utstilling, kino, restaurantbes\u00f8k, bowling osv.).<\/p>\n<div id=\"attachment_329\" style=\"width: 432px\" class=\"wp-caption alignright\"><img loading=\"lazy\" decoding=\"async\" aria-describedby=\"caption-attachment-329\" class=\" wp-image-329\" src=\"https:\/\/www.fritek.no\/wp-content\/uploads\/2017\/09\/iStock-872873238.jpg\" alt=\"Jente med aktivitetsm\u00e5ler hviler etter l\u00f8ping.\" width=\"422\" height=\"282\" srcset=\"https:\/\/www.fritek.no\/wp-content\/uploads\/2017\/09\/iStock-872873238.jpg 3862w, https:\/\/www.fritek.no\/wp-content\/uploads\/2017\/09\/iStock-872873238-300x200.jpg 300w, https:\/\/www.fritek.no\/wp-content\/uploads\/2017\/09\/iStock-872873238-899x600.jpg 899w, https:\/\/www.fritek.no\/wp-content\/uploads\/2017\/09\/iStock-872873238-750x499.jpg 750w, https:\/\/www.fritek.no\/wp-content\/uploads\/2017\/09\/iStock-872873238-360x240.jpg 360w\" sizes=\"auto, (max-width: 422px) 100vw, 422px\" \/><p id=\"caption-attachment-329\" class=\"wp-caption-text\">Aktivitetsm\u00e5lere kan inspirere til fysisk aktivitet b\u00e5de inne og ute. Det \u00e5 oppn\u00e5 sine egne m\u00e5l, enn om moderate, kan v\u00e6re motiverende.<\/p><\/div>\n<p>Det fins armb\u00e5nd med mye funksjonalitet og noen med enkelt brukergrensesnitt. Tilsvarende funksjoner fins ogs\u00e5 som apper i smarttelefoner. Eksempler p\u00e5 aktivitetsarmb\u00e5nd er:<\/p>\n<ul>\n<li>FitBit<\/li>\n<li>Garmin<\/li>\n<li>Nokia Go (tidl. Withings Go; enkel, vanntett og robust m\u00e5ler, men m\u00e5 antakelig bestilles via nettet fra utlandet)<\/li>\n<li>Polar<\/li>\n<\/ul>\n<p>Det fins noen aktivitetsm\u00e5lere for barn. Eksempler er Nabi, KidFit og Garmin (se video under).<\/p>\n<h2><span style=\"color: #800080;\">Tester<\/span><\/h2>\n<p>F\u00f8lgende artikkel inneholder tester av de vanligste merkene:<\/p>\n<ul>\n<li><a href=\"https:\/\/www.tek.no\/tester\/aktivitetsmaler\" target=\"_blank\" rel=\"noopener\">Tester av aktivitetsm\u00e5ler<\/a> (tek.no)<\/li>\n<li><a href=\"http:\/\/www.trustedreviews.com\/reviews\/withings-go\" target=\"_blank\" rel=\"noopener\">Go<\/a> (trustedreviews.com, p\u00e5 engelsk)<\/li>\n<\/ul>\n<h2><span style=\"color: #800080;\">Videoer p\u00e5 YouTube<\/span><\/h2>\n<p>YouTube har utallige videoer om\u00a0armb\u00e5nd og m\u00e5lere. Vi har valgt f\u00f8lgende videoer som viser\u00a0armb\u00e5nd og m\u00e5lere for barn.<\/p>\n<ul>\n<li><a href=\"https:\/\/www.youtube.com\/watch?v=WgwBDGMuDY8\" target=\"_blank\" rel=\"noopener\">Nabi<\/a><\/li>\n<li><a href=\"https:\/\/www.youtube.com\/watch?v=SuKEsglSLBM&amp;t=200s\" target=\"_blank\" rel=\"noopener\">KidFit<\/a><\/li>\n<li><a href=\"https:\/\/www.youtube.com\/watch?v=o3tSPdRyzNI\" target=\"_blank\" rel=\"noopener\">Garmin Vivofit jr 1<\/a><\/li>\n<li><a href=\"https:\/\/www.youtube.com\/watch?v=ShJKFn0F9tE\" target=\"_blank\" rel=\"noopener\">Garmin Vivofit jr 2<\/a><\/li>\n<\/ul>\n<p>Vi har ikke hentet inn markedsinformasjon fra Norge for disse armb\u00e5nd og m\u00e5lere.<\/p>\n<h2><span style=\"color: #800080;\">Prisniv\u00e5<\/span><\/h2>\n<ul>\n<li>De fleste vanlige armb\u00e5nd og m\u00e5lere ligger p\u00e5 ca. 700 &#8211; 1300 kr, mens enkelte &#8220;supermodeller&#8221; kan koste langt over 3000 kr.<\/li>\n<li>Apper til smarttelefoner kan f\u00f8lge med telefonen eller lastes ned fra Play Butikk (Google Play) for Android-telefoner eller fra App Store for iPhone.<\/li>\n<li>Det fins ogs\u00e5 apper som kan kobles til sportsarmb\u00e5nd og aktivitetsm\u00e5lere.<\/li>\n<\/ul>\n","protected":false},"excerpt":{"rendered":"<p>Armb\u00e5nd og m\u00e5lere som viser aktivitet, f.eks. antall skritt per dag, kan motivere noen til mer fysisk aktivitet. Det er ogs\u00e5 mulig \u00e5 kombinere oppn\u00e5dde m\u00e5l med en enkel bel\u00f8nning, f.eks. klistermerker eller <a class=\"more-link\" href=\"https:\/\/www.fritek.no\/?page_id=224\"><\/a><\/p>\n","protected":false},"author":4,"featured_media":0,"parent":0,"menu_order":0,"comment_status":"closed","ping_status":"closed","template":"","meta":{"footnotes":""},"class_list":["post-224","page","type-page","status-publish","hentry"],"_links":{"self":[{"href":"https:\/\/www.fritek.no\/index.php?rest_route=\/wp\/v2\/pages\/224","targetHints":{"allow":["GET"]}}],"collection":[{"href":"https:\/\/www.fritek.no\/index.php?rest_route=\/wp\/v2\/pages"}],"about":[{"href":"https:\/\/www.fritek.no\/index.php?rest_route=\/wp\/v2\/types\/page"}],"author":[{"embeddable":true,"href":"https:\/\/www.fritek.no\/index.php?rest_route=\/wp\/v2\/users\/4"}],"replies":[{"embeddable":true,"href":"https:\/\/www.fritek.no\/index.php?rest_route=%2Fwp%2Fv2%2Fcomments&post=224"}],"version-history":[{"count":0,"href":"https:\/\/www.fritek.no\/index.php?rest_route=\/wp\/v2\/pages\/224\/revisions"}],"wp:attachment":[{"href":"https:\/\/www.fritek.no\/index.php?rest_route=%2Fwp%2Fv2%2Fmedia&parent=224"}],"curies":[{"name":"wp","href":"https:\/\/api.w.org\/{rel}","templated":true}]}}