
{"id":228,"date":"2017-09-21T07:30:39","date_gmt":"2017-09-21T07:30:39","guid":{"rendered":"http:\/\/www.fritek.no\/?page_id=228"},"modified":"2017-09-26T14:19:34","modified_gmt":"2017-09-26T14:19:34","slug":"enkel-e-laering","status":"publish","type":"page","link":"https:\/\/www.fritek.no\/?page_id=228","title":{"rendered":"Enkel e-l\u00e6ring"},"content":{"rendered":"<p>Karde har utviklet f\u00f8lgende e-l\u00e6ring spesielt\u00a0for mennesker med utviklingshemning:<\/p>\n<div id=\"attachment_294\" style=\"width: 223px\" class=\"wp-caption alignright\"><img loading=\"lazy\" decoding=\"async\" aria-describedby=\"caption-attachment-294\" class=\" wp-image-294\" src=\"https:\/\/www.fritek.no\/wp-content\/uploads\/2017\/09\/iStock_000036297316Large.jpg\" alt=\"Glad fisk hopper ut av en fiskebolle som ligner p\u00e5 en stor lysp\u00e6re.\" width=\"213\" height=\"298\" srcset=\"https:\/\/www.fritek.no\/wp-content\/uploads\/2017\/09\/iStock_000036297316Large.jpg 1874w, https:\/\/www.fritek.no\/wp-content\/uploads\/2017\/09\/iStock_000036297316Large-214x300.jpg 214w, https:\/\/www.fritek.no\/wp-content\/uploads\/2017\/09\/iStock_000036297316Large-429x600.jpg 429w\" sizes=\"auto, (max-width: 213px) 100vw, 213px\" \/><p id=\"caption-attachment-294\" class=\"wp-caption-text\">Enkel e-l\u00e6ring kan v\u00e6re til inspirasjon for b\u00e5de brukere og deres hjelpere.<\/p><\/div>\n<ul>\n<li><a href=\"http:\/\/www.karde.no\/kdr\/\" target=\"_blank\" rel=\"noopener\">&#8216;Kjenn dine rettigheter&#8217;<\/a> er en quiz om rettigheter og st\u00f8tteordninger vedr\u00f8rende bolig, skole, jobb, fritid, verge, helse og diskriminering.<\/li>\n<li><a href=\"https:\/\/www.fritek.no\/?page_id=290\">&#8216;Kom og se &#8212; s\u00e5 godt!&#8217;<\/a> \u00a0inneholder enkle, delikate og n\u00e6ringsrike oppskrifter p\u00e5 video. Tilbereding av sunn og delikat mat kan v\u00e6re en hyggelig fritidsaktivitet for eksempel n\u00e5r man er alene hjemme.<\/li>\n<li><a href=\"http:\/\/dev.karde.no\/\" target=\"_blank\" rel=\"noopener\">&#8216;Mat og trivsel&#8217;<\/a> handler om kosthold og fysisk aktivitet b\u00e5de for mennesker med utviklingshemning, og det fins <a href=\"http:\/\/kurs.helsekompetanse.no\/sor\/59093\" target=\"_blank\" rel=\"noopener\">et kurs for deres hjelpere, ikke minst tjenesteytere.<\/a><\/li>\n<\/ul>\n","protected":false},"excerpt":{"rendered":"<p>Karde har utviklet f\u00f8lgende e-l\u00e6ring spesielt\u00a0for mennesker med utviklingshemning: &#8216;Kjenn dine rettigheter&#8217; er en quiz om rettigheter og st\u00f8tteordninger vedr\u00f8rende bolig, skole, jobb, fritid, verge, helse og diskriminering. &#8216;Kom og se &#8212; s\u00e5 <a class=\"more-link\" href=\"https:\/\/www.fritek.no\/?page_id=228\"><\/a><\/p>\n","protected":false},"author":4,"featured_media":0,"parent":0,"menu_order":0,"comment_status":"closed","ping_status":"closed","template":"","meta":{"footnotes":""},"class_list":["post-228","page","type-page","status-publish","hentry"],"_links":{"self":[{"href":"https:\/\/www.fritek.no\/index.php?rest_route=\/wp\/v2\/pages\/228","targetHints":{"allow":["GET"]}}],"collection":[{"href":"https:\/\/www.fritek.no\/index.php?rest_route=\/wp\/v2\/pages"}],"about":[{"href":"https:\/\/www.fritek.no\/index.php?rest_route=\/wp\/v2\/types\/page"}],"author":[{"embeddable":true,"href":"https:\/\/www.fritek.no\/index.php?rest_route=\/wp\/v2\/users\/4"}],"replies":[{"embeddable":true,"href":"https:\/\/www.fritek.no\/index.php?rest_route=%2Fwp%2Fv2%2Fcomments&post=228"}],"version-history":[{"count":0,"href":"https:\/\/www.fritek.no\/index.php?rest_route=\/wp\/v2\/pages\/228\/revisions"}],"wp:attachment":[{"href":"https:\/\/www.fritek.no\/index.php?rest_route=%2Fwp%2Fv2%2Fmedia&parent=228"}],"curies":[{"name":"wp","href":"https:\/\/api.w.org\/{rel}","templated":true}]}}