
{"id":249,"date":"2017-09-21T11:51:00","date_gmt":"2017-09-21T11:51:00","guid":{"rendered":"http:\/\/www.fritek.no\/?page_id=249"},"modified":"2017-11-26T20:48:06","modified_gmt":"2017-11-26T20:48:06","slug":"spillkonsoller-og-spill","status":"publish","type":"page","link":"https:\/\/www.fritek.no\/?page_id=249","title":{"rendered":"Spillkonsoller og spill"},"content":{"rendered":"<p>Det fins mange <a href=\"https:\/\/www.fritek.no\/?page_id=298\">snille, morsomme, enkle og aktiviserende spill<\/a> som passer godt for barn og ungdom. Det finnes spill for sang, dans, virtuell sport foran skjermen, pusling og bygging (f.eks. Lego), kj\u00f8ring, rollespill, spill med fantasifigurer, tall- og romforst\u00e5else osv. De vanligste spillkonsollene for videospill er:<\/p>\n<div id=\"attachment_251\" style=\"width: 409px\" class=\"wp-caption alignright\"><img loading=\"lazy\" decoding=\"async\" aria-describedby=\"caption-attachment-251\" class=\" wp-image-251\" src=\"https:\/\/www.fritek.no\/wp-content\/uploads\/2017\/09\/iStock_000030980396_Medium.jpg\" alt=\"Playstation PS4 og kontroll.\" width=\"399\" height=\"266\" srcset=\"https:\/\/www.fritek.no\/wp-content\/uploads\/2017\/09\/iStock_000030980396_Medium.jpg 1698w, https:\/\/www.fritek.no\/wp-content\/uploads\/2017\/09\/iStock_000030980396_Medium-300x200.jpg 300w, https:\/\/www.fritek.no\/wp-content\/uploads\/2017\/09\/iStock_000030980396_Medium-901x600.jpg 901w, https:\/\/www.fritek.no\/wp-content\/uploads\/2017\/09\/iStock_000030980396_Medium-750x499.jpg 750w, https:\/\/www.fritek.no\/wp-content\/uploads\/2017\/09\/iStock_000030980396_Medium-360x240.jpg 360w\" sizes=\"auto, (max-width: 399px) 100vw, 399px\" \/><p id=\"caption-attachment-251\" class=\"wp-caption-text\">Spillkonsoller og tilh\u00f8rende spill gir muligheter til samspill med andre, spill som stimulerer bevegelse, f.eks. dans, og spill for kreativitet.<\/p><\/div>\n<ul>\n<li>Xbox One (evt. med bevegelsessensoren Kinect)<\/li>\n<li>Nintendo Switch (erstatter Wii som er p\u00e5 vei ut)<\/li>\n<li>Sony PlayStation 4 (PS4)<\/li>\n<\/ul>\n<p>Du kan finne informasjon om spillkonsoller i nettbutikker for hjemmeelektronikk. Det finns ogs\u00e5 mengder av pent brukte konsoller p\u00e5 bruktmarkeder (her er et eksempels\u00f8k p\u00e5\u00a0<a href=\"https:\/\/www.finn.no\/bap\/forsale\/search.html?search_type=SEARCH_ID_BAP_ALL&amp;q=spillkonsoller\" target=\"_blank\" rel=\"noopener\">Finn.no<\/a>).<\/p>\n<p>Spillene finner du i (nett)butikker som f\u00f8rer spillkonsoller. Spillene er vanligvis aldersmerket.\u00a0Et stort utvalg av spill og konsoller fins f.eks. p\u00e5 <a href=\"https:\/\/www.gamestop.no\/Home\/Index\" target=\"_blank\" rel=\"noopener\">GameStop<\/a>.<\/p>\n<h2><span style=\"color: #800080;\">Artikler<\/span><\/h2>\n<p>Artikler om de forskjellige konsollene fins f.eks. p\u00e5 nettsidene til <a href=\"https:\/\/www.barnevakten.no\/hvilken-spillkonsoll-skal-jeg-velge\/\" target=\"_blank\" rel=\"noopener\">Barnevakten<\/a>.<\/p>\n<p>Dataspill kan v\u00e6re b\u00e5de g\u00f8y og l\u00e6rerikt. Det er imidlertid viktig \u00e5 kjenne til de negative sidene ved dataspill. Det fins rikelig med litteratur om dataspill og spillavhengighet. Her er noen artikler om temaet:<\/p>\n<ul>\n<li><a href=\"http:\/\/www.medietilsynet.no\/barn-og-medier\/dataspill\/\" target=\"_blank\" rel=\"noopener\">Dataspill <\/a>(Medietilsynet)<\/li>\n<li><a href=\"https:\/\/www.nordlys.no\/nyheter\/psykolog-ikke-la-barna-spille-for-mye-og-for-lenge\/s\/1-79-7045501\" target=\"_blank\" rel=\"noopener\">Psykolog: &#8211; Ikke la barna spille for mye og for lenge<\/a> (Nordlys)<\/li>\n<li><a href=\"http:\/\/www.dinside.no\/okonomi\/1-av-10-er-avhengig\/61981323\" target=\"_blank\" rel=\"noopener\">1 av 10 er avhengig<\/a> (Dinside)<\/li>\n<li><a href=\"https:\/\/nhi.no\/familie\/barn\/dataspillavhengighet\/\" target=\"_blank\" rel=\"noopener\">Spiller bort livet<\/a> (Norsk Helseinformatikk)<\/li>\n<li><a href=\"http:\/\/www.medietilsynet.no\/globalassets\/publikasjoner\/barn-og-medier-undersokelser\/2016_barnogmedier.pdf\" target=\"_blank\" rel=\"noopener\">Barn og medier 2016<\/a> (Medietilsynet)<\/li>\n<\/ul>\n","protected":false},"excerpt":{"rendered":"<p>Det fins mange snille, morsomme, enkle og aktiviserende spill som passer godt for barn og ungdom. Det finnes spill for sang, dans, virtuell sport foran skjermen, pusling og bygging (f.eks. Lego), kj\u00f8ring, rollespill, <a class=\"more-link\" href=\"https:\/\/www.fritek.no\/?page_id=249\"><\/a><\/p>\n","protected":false},"author":4,"featured_media":0,"parent":0,"menu_order":0,"comment_status":"closed","ping_status":"closed","template":"","meta":{"footnotes":""},"class_list":["post-249","page","type-page","status-publish","hentry"],"_links":{"self":[{"href":"https:\/\/www.fritek.no\/index.php?rest_route=\/wp\/v2\/pages\/249","targetHints":{"allow":["GET"]}}],"collection":[{"href":"https:\/\/www.fritek.no\/index.php?rest_route=\/wp\/v2\/pages"}],"about":[{"href":"https:\/\/www.fritek.no\/index.php?rest_route=\/wp\/v2\/types\/page"}],"author":[{"embeddable":true,"href":"https:\/\/www.fritek.no\/index.php?rest_route=\/wp\/v2\/users\/4"}],"replies":[{"embeddable":true,"href":"https:\/\/www.fritek.no\/index.php?rest_route=%2Fwp%2Fv2%2Fcomments&post=249"}],"version-history":[{"count":0,"href":"https:\/\/www.fritek.no\/index.php?rest_route=\/wp\/v2\/pages\/249\/revisions"}],"wp:attachment":[{"href":"https:\/\/www.fritek.no\/index.php?rest_route=%2Fwp%2Fv2%2Fmedia&parent=249"}],"curies":[{"name":"wp","href":"https:\/\/api.w.org\/{rel}","templated":true}]}}