
{"id":253,"date":"2017-09-21T12:08:15","date_gmt":"2017-09-21T12:08:15","guid":{"rendered":"http:\/\/www.fritek.no\/?page_id=253"},"modified":"2018-02-01T10:03:11","modified_gmt":"2018-02-01T10:03:11","slug":"gps-klokker","status":"publish","type":"page","link":"https:\/\/www.fritek.no\/?page_id=253","title":{"rendered":"GPS-klokker (sporing)"},"content":{"rendered":"<div id=\"attachment_256\" style=\"width: 309px\" class=\"wp-caption alignright\"><img loading=\"lazy\" decoding=\"async\" aria-describedby=\"caption-attachment-256\" class=\" wp-image-256\" src=\"https:\/\/www.fritek.no\/wp-content\/uploads\/2017\/09\/iStock-812814998-GPS-for-barn.jpg\" alt=\"n gutt som titter p\u00e5 sin GPS-klokke\" width=\"299\" height=\"199\" srcset=\"https:\/\/www.fritek.no\/wp-content\/uploads\/2017\/09\/iStock-812814998-GPS-for-barn.jpg 2121w, https:\/\/www.fritek.no\/wp-content\/uploads\/2017\/09\/iStock-812814998-GPS-for-barn-300x200.jpg 300w, https:\/\/www.fritek.no\/wp-content\/uploads\/2017\/09\/iStock-812814998-GPS-for-barn-900x600.jpg 900w, https:\/\/www.fritek.no\/wp-content\/uploads\/2017\/09\/iStock-812814998-GPS-for-barn-750x499.jpg 750w, https:\/\/www.fritek.no\/wp-content\/uploads\/2017\/09\/iStock-812814998-GPS-for-barn-360x240.jpg 360w\" sizes=\"auto, (max-width: 299px) 100vw, 299px\" \/><p id=\"caption-attachment-256\" class=\"wp-caption-text\">Gutten har p\u00e5 seg en GPS-klokke.<\/p><\/div>\n<p>GPS-klokker (smartklokker) kan skape trygghet n\u00e5r barnet eller ungdommen er ute alene eller i grupper. GPS-klokker har ulike funksjonaliteter fra \u00e5 vise posisjonen til b\u00e5de brukeren og st\u00f8ttepersoner, til \u00e5 kunne etablere f.eks. meldingsbasert kontakt mellom brukeren og st\u00f8ttepersonen. <strong>Legg merke til artikler lenger nede p\u00e5 siden med kritisk blikk p\u00e5 n\u00e5v\u00e6rende teknologi! <\/strong>Vi anbefaler at alle som vurderer GPS-sporing for barn eller ungdommer f\u00f8lger med saken og gj\u00f8r grundige vurderinger selv. Det er mulig \u00e5 henvende seg til Datatilsynet for oppdatert informasjon og anbefalinger vedr\u00f8rende personvern i forbindelse med GPS-klokker.<\/p>\n<p>Du kan finne informasjon om GPS-klokker p\u00e5 nettbutikkers nettsider. Disse er noen eksempler:<\/p>\n<ul>\n<li>Gator 2<\/li>\n<li>Oaxis<\/li>\n<li>Viksfjord<\/li>\n<li>Xplora<\/li>\n<\/ul>\n<h2><span style=\"color: #800080;\">Artikler<\/span><\/h2>\n<p>F\u00f8lgende artikler inneholder tester og annen nyttig informasjon:<\/p>\n<ul>\n<li><a href=\"https:\/\/www.aftenposten.no\/digital\/Slar-alarm-etter-sjekk-av-GPS-klokker-for-barn-10684b.html\" target=\"_blank\" rel=\"noopener\">Sl\u00e5r alarm etter sjekk av GPS-klokker for barn<\/a> (Aftenposten)<\/li>\n<li><a href=\"https:\/\/www.forbrukerradet.no\/siste-nytt\/fortsatt-kritiske-sikkerhetsbrister-i-gps-klokker-for-barn\/\" target=\"_blank\" rel=\"noopener\">Fortsatt kritiske sikkerhetsbrister i GPS-klokker for barn<\/a> (Forbrukerr\u00e5det)<\/li>\n<li><a href=\"https:\/\/www.dinside.no\/data\/tok-gps-klokkene-viksfjord-og-stavern-av-markedet-etter-sikkerhetsproblemer\/69377011\" target=\"_blank\" rel=\"noopener\">Selskapet GPS for barn m\u00e5tte stoppe salget<\/a> (Dinside)<\/li>\n<li><a href=\"https:\/\/www.tek.no\/artikler\/na-blir-smartklokker-for-barn-forbudt-i-tyskland-og-norske-myndigheter-er-fortsatt-kritiske\/412505\" target=\"_blank\" rel=\"noopener\">Tyskland forbyr enkelte smartklokker for barn<\/a> (tek.no)<\/li>\n<li>GPS-klokker kan skape <a href=\"http:\/\/www.klikk.no\/foreldre\/barn\/tester-og-barneutstyr\/falsk-trygghet-i-gps-klokker-til-barn-2560890\" target=\"_blank\" rel=\"noopener\">falsk trygghet<\/a> og v\u00e6re inngripende n\u00e5r det gjelder personvern (klikk.no)<\/li>\n<li><a href=\"https:\/\/www.tek.no\/artikler\/test-xplora-gator-2\/350628\" target=\"_blank\" rel=\"noopener\">Test av Gator 2 og Xplora<\/a> (tek.no)<\/li>\n<li><a href=\"http:\/\/www.gps-klokke.no\/\" target=\"_blank\" rel=\"noopener\">Test av GPS-klokker<\/a> til barn i Norge (gps-klokke.no)<\/li>\n<\/ul>\n<h2><span style=\"color: #800080;\">Prisniv\u00e5<\/span><\/h2>\n<p>Gode GPS-klokker for barn koster ca. 1500 &#8211; 2000 kr.<\/p>\n","protected":false},"excerpt":{"rendered":"<p>GPS-klokker (smartklokker) kan skape trygghet n\u00e5r barnet eller ungdommen er ute alene eller i grupper. GPS-klokker har ulike funksjonaliteter fra \u00e5 vise posisjonen til b\u00e5de brukeren og st\u00f8ttepersoner, til \u00e5 kunne etablere f.eks. <a class=\"more-link\" href=\"https:\/\/www.fritek.no\/?page_id=253\"><\/a><\/p>\n","protected":false},"author":4,"featured_media":0,"parent":0,"menu_order":0,"comment_status":"closed","ping_status":"closed","template":"","meta":{"footnotes":""},"class_list":["post-253","page","type-page","status-publish","hentry"],"_links":{"self":[{"href":"https:\/\/www.fritek.no\/index.php?rest_route=\/wp\/v2\/pages\/253","targetHints":{"allow":["GET"]}}],"collection":[{"href":"https:\/\/www.fritek.no\/index.php?rest_route=\/wp\/v2\/pages"}],"about":[{"href":"https:\/\/www.fritek.no\/index.php?rest_route=\/wp\/v2\/types\/page"}],"author":[{"embeddable":true,"href":"https:\/\/www.fritek.no\/index.php?rest_route=\/wp\/v2\/users\/4"}],"replies":[{"embeddable":true,"href":"https:\/\/www.fritek.no\/index.php?rest_route=%2Fwp%2Fv2%2Fcomments&post=253"}],"version-history":[{"count":0,"href":"https:\/\/www.fritek.no\/index.php?rest_route=\/wp\/v2\/pages\/253\/revisions"}],"wp:attachment":[{"href":"https:\/\/www.fritek.no\/index.php?rest_route=%2Fwp%2Fv2%2Fmedia&parent=253"}],"curies":[{"name":"wp","href":"https:\/\/api.w.org\/{rel}","templated":true}]}}