
{"id":259,"date":"2017-09-21T12:36:23","date_gmt":"2017-09-21T12:36:23","guid":{"rendered":"http:\/\/www.fritek.no\/?page_id=259"},"modified":"2018-02-12T17:35:03","modified_gmt":"2018-02-12T17:35:03","slug":"apper","status":"publish","type":"page","link":"https:\/\/www.fritek.no\/?page_id=259","title":{"rendered":"Apper"},"content":{"rendered":"<p>Det fins utallige apper rettet mot barn. Disse dekker de fleste interesseomr\u00e5der og kunnskapsniv\u00e5er. I tillegg kommer appene som de aller fleste bruker, herunder apper som f\u00f8lger med de fleste smarttelefoner, samt diverse apper for sosiale medier.<\/p>\n<div id=\"attachment_262\" style=\"width: 330px\" class=\"wp-caption alignright\"><img loading=\"lazy\" decoding=\"async\" aria-describedby=\"caption-attachment-262\" class=\" wp-image-262\" src=\"https:\/\/www.fritek.no\/wp-content\/uploads\/2017\/09\/dh-social-media-buttons-istock-image-25015338.jpg\" alt=\"Tastatur med app-symboler p\u00e5 tastene.\" width=\"320\" height=\"212\" srcset=\"https:\/\/www.fritek.no\/wp-content\/uploads\/2017\/09\/dh-social-media-buttons-istock-image-25015338.jpg 425w, https:\/\/www.fritek.no\/wp-content\/uploads\/2017\/09\/dh-social-media-buttons-istock-image-25015338-300x199.jpg 300w, https:\/\/www.fritek.no\/wp-content\/uploads\/2017\/09\/dh-social-media-buttons-istock-image-25015338-360x240.jpg 360w\" sizes=\"auto, (max-width: 320px) 100vw, 320px\" \/><p id=\"caption-attachment-262\" class=\"wp-caption-text\">App-mangfoldet er stort. Bare apper for sosiale medier utgj\u00f8r en mengde.<\/p><\/div>\n<p>NAV har etablert nettstedet <a href=\"http:\/\/appbibliotek.no\/\" target=\"_blank\" rel=\"noopener\">appbibliotek.no<\/a>.\u00a0Appbibliotek.no er en oversikt over apper til smarttelefoner og nettbrett for mennesker med nedsatt funksjonsevne. Her fins mange apper som er godt egnet for barn og ungdommer med utviklingshemning.\u00a0\u00a0(I venstremenyen p\u00e5 appbibliotek.no kan man avgrense s\u00f8ket f.eks. med alder eller funksjonsnedsettelse.)\u00a0Ett eksempel er l\u00e6ringsappen <a href=\"http:\/\/poio.no\/\" target=\"_blank\" rel=\"noopener\">poio<\/a>\u00a0som kan hjelpe til med \u00e5 &#8220;knekke lesekoden&#8221;, noe som igjen kan v\u00e6re nyttig i forbindelse med fritidsaktiviteter der i hvert fall moderate leseferdigheter kan v\u00e6re en fordel.<\/p>\n<p>Apper for iPhone og iPad kan kj\u00f8pes eller lastes ned gratis p\u00e5 App Store. Apper for Android-baserte telefoner og nettbrett\u00a0kan kj\u00f8pes eller lastes ned gratis p\u00e5 Google Play (Play Butikk).<\/p>\n<p>P\u00e5 menyvalgene om nettm\u00f8ter og skattejakt fins informasjon om apper innen disse spesifikke temaene.<\/p>\n<p>For apper som f\u00f8lger med smarttelefoner har vi laget <a href=\"https:\/\/www.fritek.no\/wp-content\/uploads\/2018\/02\/SMS-maler.pdf\" target=\"_blank\" rel=\"noopener\">et enkelt eksempel p\u00e5 hvordan man kan lage ferdig skreddersydde tekstmeldinger<\/a>. Dette kan hjelpe brukere som ikke kan skrive. Dette kan ogs\u00e5 v\u00e6re aktuelt for brukere som kan sende \u00e9n av de forh\u00e5ndsdefinerte tekstmeldingene for eksempel til\u00a0foreldre som er p\u00e5 jobb, i stedet for \u00e5 ringe.<\/p>\n<h2><span style=\"color: #800080;\">Artikler<\/span><\/h2>\n<p>Artikler og oversikter som inneholder mange tips f.eks. om ulike typer av apper:<\/p>\n<ul>\n<li><a href=\"http:\/\/www.klikk.no\/foreldre\/barn\/tester-og-barneutstyr\/apper-for-barn-2544980\" target=\"_blank\" rel=\"noopener\">19 supre apper for barn<\/a> (foreldre.no)<\/li>\n<li><a href=\"https:\/\/www.aftenposten.no\/kultur\/i\/8wvpd\/De-beste-appene-for-barna\" target=\"_blank\" rel=\"noopener\">De beste appene for barna<\/a> (aftenposten.no)<\/li>\n<li><a href=\"https:\/\/www.familieverden.no\/familieliv\/digitale-barn\/appene-som-slar-an-hos-barna\/\" target=\"_blank\" rel=\"noopener\">Appene som sl\u00e5r an hos barna<\/a> (familieverden.no)<\/li>\n<\/ul>\n<p>&nbsp;<\/p>\n","protected":false},"excerpt":{"rendered":"<p>Det fins utallige apper rettet mot barn. Disse dekker de fleste interesseomr\u00e5der og kunnskapsniv\u00e5er. I tillegg kommer appene som de aller fleste bruker, herunder apper som f\u00f8lger med de fleste smarttelefoner, samt diverse <a class=\"more-link\" href=\"https:\/\/www.fritek.no\/?page_id=259\"><\/a><\/p>\n","protected":false},"author":4,"featured_media":0,"parent":0,"menu_order":0,"comment_status":"closed","ping_status":"closed","template":"","meta":{"footnotes":""},"class_list":["post-259","page","type-page","status-publish","hentry"],"_links":{"self":[{"href":"https:\/\/www.fritek.no\/index.php?rest_route=\/wp\/v2\/pages\/259","targetHints":{"allow":["GET"]}}],"collection":[{"href":"https:\/\/www.fritek.no\/index.php?rest_route=\/wp\/v2\/pages"}],"about":[{"href":"https:\/\/www.fritek.no\/index.php?rest_route=\/wp\/v2\/types\/page"}],"author":[{"embeddable":true,"href":"https:\/\/www.fritek.no\/index.php?rest_route=\/wp\/v2\/users\/4"}],"replies":[{"embeddable":true,"href":"https:\/\/www.fritek.no\/index.php?rest_route=%2Fwp%2Fv2%2Fcomments&post=259"}],"version-history":[{"count":0,"href":"https:\/\/www.fritek.no\/index.php?rest_route=\/wp\/v2\/pages\/259\/revisions"}],"wp:attachment":[{"href":"https:\/\/www.fritek.no\/index.php?rest_route=%2Fwp%2Fv2%2Fmedia&parent=259"}],"curies":[{"name":"wp","href":"https:\/\/api.w.org\/{rel}","templated":true}]}}