
{"id":263,"date":"2017-09-21T12:59:49","date_gmt":"2017-09-21T12:59:49","guid":{"rendered":"http:\/\/www.fritek.no\/?page_id=263"},"modified":"2017-11-26T20:39:22","modified_gmt":"2017-11-26T20:39:22","slug":"struktur","status":"publish","type":"page","link":"https:\/\/www.fritek.no\/?page_id=263","title":{"rendered":"Struktur av hverdagen"},"content":{"rendered":"<div id=\"attachment_264\" style=\"width: 358px\" class=\"wp-caption alignright\"><img loading=\"lazy\" decoding=\"async\" aria-describedby=\"caption-attachment-264\" class=\" wp-image-264\" src=\"https:\/\/www.fritek.no\/wp-content\/uploads\/2017\/09\/iStock-612235546-KALENDER.jpg\" alt=\"Papirkalender hvis sider blafrer\" width=\"348\" height=\"232\" srcset=\"https:\/\/www.fritek.no\/wp-content\/uploads\/2017\/09\/iStock-612235546-KALENDER.jpg 2121w, https:\/\/www.fritek.no\/wp-content\/uploads\/2017\/09\/iStock-612235546-KALENDER-300x200.jpg 300w, https:\/\/www.fritek.no\/wp-content\/uploads\/2017\/09\/iStock-612235546-KALENDER-900x600.jpg 900w, https:\/\/www.fritek.no\/wp-content\/uploads\/2017\/09\/iStock-612235546-KALENDER-750x499.jpg 750w, https:\/\/www.fritek.no\/wp-content\/uploads\/2017\/09\/iStock-612235546-KALENDER-360x240.jpg 360w\" sizes=\"auto, (max-width: 348px) 100vw, 348px\" \/><p id=\"caption-attachment-264\" class=\"wp-caption-text\">Kalenderapplikasjoner med gode funksjoner for beskjeder og p\u00e5minnelser er verdifulle hjelpemidler for mennesker som trenger st\u00f8tte til strukturering av dagen. Det kan gjerne v\u00e6re p\u00e5minnelser om fritidsaktiviteter og forberedelser for disse.<\/p><\/div>\n<p>Barn og ungdom med utviklingshemning eller autismespekterforstyrrelse kan ha glede og nytte av apper og andre hjelpemidler som strukturerer dagen, gir p\u00e5minnelser om gj\u00f8rem\u00e5l som f.eks. fritidsaktiviteter, avtaler osv.<\/p>\n<p>Smarttelefonens kalenderfunksjon kan ofte v\u00e6re tilstrekkelig. Det finns ogs\u00e5 dedikerte apper for struktur. Mange av disse har klare og tydelige brukergrensesnitt som gj\u00f8r dem enkle \u00e5 bruke selv med nedsatt syn eller finmotorikk.<\/p>\n<p>Eksempler p\u00e5 strukturapper som er tilgjengelig p\u00e5 norsk er:<\/p>\n<ul>\n<li>Memas (<a href=\"https:\/\/www.mylifeproducts.no\/\" target=\"_blank\" rel=\"noopener\">Mylifeproducts<\/a>)<\/li>\n<li>Mine Sirkler (<a href=\"http:\/\/www.statped.no\/fagomrader-og-laringsressurser\/finn-laringsressurs\/sammensatte-larevansker\/Mine-sirkler---app-som-sosialt-atferdskart\/\" target=\"_blank\" rel=\"noopener\">Statped<\/a>)<\/li>\n<li>Mobilize Me (<a href=\"http:\/\/www.mobilize-me.com\/no\/\" target=\"_blank\" rel=\"noopener\">Mobilize-Me<\/a>)<\/li>\n<\/ul>\n","protected":false},"excerpt":{"rendered":"<p>Barn og ungdom med utviklingshemning eller autismespekterforstyrrelse kan ha glede og nytte av apper og andre hjelpemidler som strukturerer dagen, gir p\u00e5minnelser om gj\u00f8rem\u00e5l som f.eks. fritidsaktiviteter, avtaler osv. Smarttelefonens kalenderfunksjon kan ofte <a class=\"more-link\" href=\"https:\/\/www.fritek.no\/?page_id=263\"><\/a><\/p>\n","protected":false},"author":4,"featured_media":0,"parent":0,"menu_order":0,"comment_status":"closed","ping_status":"closed","template":"","meta":{"footnotes":""},"class_list":["post-263","page","type-page","status-publish","hentry"],"_links":{"self":[{"href":"https:\/\/www.fritek.no\/index.php?rest_route=\/wp\/v2\/pages\/263","targetHints":{"allow":["GET"]}}],"collection":[{"href":"https:\/\/www.fritek.no\/index.php?rest_route=\/wp\/v2\/pages"}],"about":[{"href":"https:\/\/www.fritek.no\/index.php?rest_route=\/wp\/v2\/types\/page"}],"author":[{"embeddable":true,"href":"https:\/\/www.fritek.no\/index.php?rest_route=\/wp\/v2\/users\/4"}],"replies":[{"embeddable":true,"href":"https:\/\/www.fritek.no\/index.php?rest_route=%2Fwp%2Fv2%2Fcomments&post=263"}],"version-history":[{"count":0,"href":"https:\/\/www.fritek.no\/index.php?rest_route=\/wp\/v2\/pages\/263\/revisions"}],"wp:attachment":[{"href":"https:\/\/www.fritek.no\/index.php?rest_route=%2Fwp%2Fv2%2Fmedia&parent=263"}],"curies":[{"name":"wp","href":"https:\/\/api.w.org\/{rel}","templated":true}]}}