
{"id":290,"date":"2017-09-26T10:02:30","date_gmt":"2017-09-26T10:02:30","guid":{"rendered":"http:\/\/www.fritek.no\/?page_id=290"},"modified":"2017-11-26T20:44:25","modified_gmt":"2017-11-26T20:44:25","slug":"kom-og-se-sa-godt","status":"publish","type":"page","link":"https:\/\/www.fritek.no\/?page_id=290","title":{"rendered":"Kom og se &#8212; s\u00e5 godt!"},"content":{"rendered":"<p>E-l\u00e6ringsnettstedet <a href=\"http:\/\/www.matfilmer.org\/\" target=\"_blank\" rel=\"noopener\">&#8216;Kom og se s\u00e5 godt!&#8217;<\/a> inneholder tilrettelagte matlagingsfilmer. Oppskriftene kommer fra den lettleste kokeboken &#8220;S\u00e5 godt! Lettlest kokebok&#8221;. De er gode, enkle, delikate, rimelige og sunne oppskrifter. Matlaging kan v\u00e6re en hyggelig fritidsaktivitet for eksempel n\u00e5r man er alene hjemme. Man kan lage mat for seg selv, venner eller kanskje for andre i familien.<\/p>\n<p>Filmene p\u00e5 nettstedet ble f\u00f8rst og fremst laget for personer som ikke leser s\u00e5 godt. Tempoet i filmene er langsommere enn i vanlige kokkevideoer. Alt som gj\u00f8res, vises meget tydelig.<\/p>\n<div id=\"attachment_231\" style=\"width: 334px\" class=\"wp-caption alignright\"><img loading=\"lazy\" decoding=\"async\" aria-describedby=\"caption-attachment-231\" class=\" wp-image-231\" src=\"https:\/\/www.fritek.no\/wp-content\/uploads\/2017\/09\/Healthy-organic-vegetable-on-wooden-table-000048285878_Large.jpg\" alt=\"Masse forskjellige frukt og gr\u00f8nnsaker ligger p\u00e5 treunderlag.\" width=\"324\" height=\"216\" srcset=\"https:\/\/www.fritek.no\/wp-content\/uploads\/2017\/09\/Healthy-organic-vegetable-on-wooden-table-000048285878_Large.jpg 2716w, https:\/\/www.fritek.no\/wp-content\/uploads\/2017\/09\/Healthy-organic-vegetable-on-wooden-table-000048285878_Large-300x200.jpg 300w, https:\/\/www.fritek.no\/wp-content\/uploads\/2017\/09\/Healthy-organic-vegetable-on-wooden-table-000048285878_Large-900x600.jpg 900w, https:\/\/www.fritek.no\/wp-content\/uploads\/2017\/09\/Healthy-organic-vegetable-on-wooden-table-000048285878_Large-750x499.jpg 750w, https:\/\/www.fritek.no\/wp-content\/uploads\/2017\/09\/Healthy-organic-vegetable-on-wooden-table-000048285878_Large-360x240.jpg 360w\" sizes=\"auto, (max-width: 324px) 100vw, 324px\" \/><p id=\"caption-attachment-231\" class=\"wp-caption-text\">&#8216;Kom og se &#8212; s\u00e5 godt!&#8217; gir veiledning i tilbereding av enkel og sunn mat.<\/p><\/div>\n<p>Det fins oppskrifter for:<\/p>\n<ul>\n<li>Supper<\/li>\n<li>Salater og gr\u00f8nnsaker<\/li>\n<li>Fisk<\/li>\n<li>Kj\u00f8tt<\/li>\n<li>Dessert<\/li>\n<li>Bakst<\/li>\n<\/ul>\n<p>Karde har ogs\u00e5 laget nye filmer for oppskrifter som ikke fins i kokeboken. Filmene viser hvordan man lager: dippsaus, gode matpakker og\u00a0smoothie. Dessuten lagde vi filmer om \u00e5 dekke bord og om hygiene p\u00e5 et kj\u00f8kken.<\/p>\n<p>Karde AS laget filmene. Utviklingen ble st\u00f8ttet av ExtraStiftelsen. Statped, avdeling for l\u00e6remidler og teknologiutvikling, lagde tilleggeversjoner av hver film med tegnspr\u00e5k og med teksting. Personer med utviklingshemning og deres tjenesteytere har testet ut filmene. De s\u00e5 filmene p\u00e5 nettbrett p\u00e5 kj\u00f8kkenet.<\/p>\n","protected":false},"excerpt":{"rendered":"<p>E-l\u00e6ringsnettstedet &#8216;Kom og se s\u00e5 godt!&#8217; inneholder tilrettelagte matlagingsfilmer. Oppskriftene kommer fra den lettleste kokeboken &#8220;S\u00e5 godt! Lettlest kokebok&#8221;. De er gode, enkle, delikate, rimelige og sunne oppskrifter. Matlaging kan v\u00e6re en hyggelig <a class=\"more-link\" href=\"https:\/\/www.fritek.no\/?page_id=290\"><\/a><\/p>\n","protected":false},"author":4,"featured_media":0,"parent":0,"menu_order":0,"comment_status":"closed","ping_status":"closed","template":"","meta":{"footnotes":""},"class_list":["post-290","page","type-page","status-publish","hentry"],"_links":{"self":[{"href":"https:\/\/www.fritek.no\/index.php?rest_route=\/wp\/v2\/pages\/290","targetHints":{"allow":["GET"]}}],"collection":[{"href":"https:\/\/www.fritek.no\/index.php?rest_route=\/wp\/v2\/pages"}],"about":[{"href":"https:\/\/www.fritek.no\/index.php?rest_route=\/wp\/v2\/types\/page"}],"author":[{"embeddable":true,"href":"https:\/\/www.fritek.no\/index.php?rest_route=\/wp\/v2\/users\/4"}],"replies":[{"embeddable":true,"href":"https:\/\/www.fritek.no\/index.php?rest_route=%2Fwp%2Fv2%2Fcomments&post=290"}],"version-history":[{"count":0,"href":"https:\/\/www.fritek.no\/index.php?rest_route=\/wp\/v2\/pages\/290\/revisions"}],"wp:attachment":[{"href":"https:\/\/www.fritek.no\/index.php?rest_route=%2Fwp%2Fv2%2Fmedia&parent=290"}],"curies":[{"name":"wp","href":"https:\/\/api.w.org\/{rel}","templated":true}]}}