
{"id":307,"date":"2017-11-20T08:57:59","date_gmt":"2017-11-20T08:57:59","guid":{"rendered":"http:\/\/www.fritek.no\/?page_id=307"},"modified":"2019-04-10T06:56:57","modified_gmt":"2019-04-10T06:56:57","slug":"videoer","status":"publish","type":"page","link":"https:\/\/www.fritek.no\/?page_id=307","title":{"rendered":"Filmer"},"content":{"rendered":"<p>Prosjektet FRiDA utvikler en samling id\u00e9- og inspirasjonsfilmer for ungdommer som er alene hjemme og savner en aktivitet. Filmene presenterer aktiviteter og teknologier som ble pr\u00f8vd ut, analysert eller diskutert i prosjektene \u2013 pluss litt til. Disse er:<\/p>\n<div class=\"su-row\"><div class=\"su-column su-column-size-1-2\"><div class=\"su-column-inner su-u-clearfix su-u-trim\">\n<iframe loading=\"lazy\" src=\"https:\/\/www.youtube.com\/embed\/yIjgoRCxrS4\" width=\"560\" height=\"315\" frameborder=\"0\" allowfullscreen=\"allowfullscreen\"><\/iframe><br \/>\n<iframe loading=\"lazy\" src=\"https:\/\/www.youtube.com\/embed\/VuXkMEFpGnM\" width=\"560\" height=\"315\" frameborder=\"0\" allowfullscreen=\"allowfullscreen\"><\/iframe><br \/>\n<iframe loading=\"lazy\" src=\"https:\/\/www.youtube.com\/embed\/6iV3OKpHvzQ\" width=\"560\" height=\"315\" frameborder=\"0\" allowfullscreen=\"allowfullscreen\"><\/iframe><br \/>\n<\/div><\/div> <div class=\"su-column su-column-size-1-2\"><div class=\"su-column-inner su-u-clearfix su-u-trim\">\n<iframe loading=\"lazy\" src=\"https:\/\/www.youtube.com\/embed\/OBinC26EI2c\" width=\"560\" height=\"315\" frameborder=\"0\" allowfullscreen=\"allowfullscreen\"><\/iframe><br \/>\n<iframe loading=\"lazy\" src=\"https:\/\/www.youtube.com\/embed\/_NA_Sr_o5RU\" width=\"560\" height=\"315\" frameborder=\"0\" allowfullscreen=\"allowfullscreen\"><\/iframe><br \/>\n<iframe loading=\"lazy\" src=\"https:\/\/www.youtube.com\/embed\/DEbWkHEZyg4\" width=\"560\" height=\"315\" frameborder=\"0\" allowfullscreen=\"allowfullscreen\"><\/iframe><br \/>\n<\/div><\/div><\/div>\n<p>Fritek.no eller denne filmsiden (eller hvilken som helst side) kan vises som en snarvei p\u00e5 et nettbrett eller p\u00e5 en smarttelefon slik at adgangssymbolet vises som ikonet til en vanlig app.\u00a0En typisk framgangsm\u00e5te er som f\u00f8lger (her vist p\u00e5 en Android-basert Sony-telefon):<\/p>\n<p>G\u00e5 til nettstedet www.fritek.no og velg meny (i bildet under med symbol \u2630). Finn fram menypunktet &#8216;Filmer&#8217; og velg det. P\u00e5 siden &#8216;Filmer&#8217; velg mobiltelefonens eller nettbrettets funksjon for \u00e5 lage en snarvei (i bildet under med symbol \u22ee) og der &#8216;Legg til p\u00e5 startsiden&#8217;.<\/p>\n<table>\n<tbody>\n<tr>\n<td><img loading=\"lazy\" decoding=\"async\" class=\"alignnone wp-image-319\" src=\"https:\/\/www.fritek.no\/wp-content\/uploads\/2017\/11\/Mobil-meny1.png\" alt=\"\" width=\"259\" height=\"460\" srcset=\"https:\/\/www.fritek.no\/wp-content\/uploads\/2017\/11\/Mobil-meny1.png 720w, https:\/\/www.fritek.no\/wp-content\/uploads\/2017\/11\/Mobil-meny1-169x300.png 169w, https:\/\/www.fritek.no\/wp-content\/uploads\/2017\/11\/Mobil-meny1-338x600.png 338w\" sizes=\"auto, (max-width: 259px) 100vw, 259px\" \/><\/td>\n<td><img loading=\"lazy\" decoding=\"async\" class=\"alignnone wp-image-320\" src=\"https:\/\/www.fritek.no\/wp-content\/uploads\/2017\/11\/Mobil-meny2.png\" alt=\"\" width=\"259\" height=\"460\" srcset=\"https:\/\/www.fritek.no\/wp-content\/uploads\/2017\/11\/Mobil-meny2.png 720w, https:\/\/www.fritek.no\/wp-content\/uploads\/2017\/11\/Mobil-meny2-169x300.png 169w, https:\/\/www.fritek.no\/wp-content\/uploads\/2017\/11\/Mobil-meny2-338x600.png 338w\" sizes=\"auto, (max-width: 259px) 100vw, 259px\" \/><\/td>\n<td><img loading=\"lazy\" decoding=\"async\" class=\"alignnone wp-image-315\" src=\"https:\/\/www.fritek.no\/wp-content\/uploads\/2017\/11\/Mobil-leggtil1.png\" alt=\"\" width=\"259\" height=\"460\" srcset=\"https:\/\/www.fritek.no\/wp-content\/uploads\/2017\/11\/Mobil-leggtil1.png 720w, https:\/\/www.fritek.no\/wp-content\/uploads\/2017\/11\/Mobil-leggtil1-169x300.png 169w, https:\/\/www.fritek.no\/wp-content\/uploads\/2017\/11\/Mobil-leggtil1-338x600.png 338w\" sizes=\"auto, (max-width: 259px) 100vw, 259px\" \/><\/td>\n<\/tr>\n<\/tbody>\n<\/table>\n<p>Bekreft handlingen. Snarveien blir opprettet og den vises p\u00e5 telefonen eller nettbrettet. Snarveien i bildene her vises med bokstav F mot gr\u00e5 bakgrunn. Symbolet kan bli oppdatert og vil da vises forskjellig fra dette.<\/p>\n<table>\n<tbody>\n<tr>\n<td><img loading=\"lazy\" decoding=\"async\" class=\"alignnone wp-image-318\" src=\"https:\/\/www.fritek.no\/wp-content\/uploads\/2017\/11\/Mobil-leggtil2.png\" alt=\"\" width=\"259\" height=\"460\" srcset=\"https:\/\/www.fritek.no\/wp-content\/uploads\/2017\/11\/Mobil-leggtil2.png 720w, https:\/\/www.fritek.no\/wp-content\/uploads\/2017\/11\/Mobil-leggtil2-169x300.png 169w, https:\/\/www.fritek.no\/wp-content\/uploads\/2017\/11\/Mobil-leggtil2-338x600.png 338w\" sizes=\"auto, (max-width: 259px) 100vw, 259px\" \/><\/td>\n<td><img loading=\"lazy\" decoding=\"async\" class=\"alignnone wp-image-321\" src=\"https:\/\/www.fritek.no\/wp-content\/uploads\/2017\/11\/Mobil-opprettet1.png\" alt=\"\" width=\"259\" height=\"460\" srcset=\"https:\/\/www.fritek.no\/wp-content\/uploads\/2017\/11\/Mobil-opprettet1.png 720w, https:\/\/www.fritek.no\/wp-content\/uploads\/2017\/11\/Mobil-opprettet1-169x300.png 169w, https:\/\/www.fritek.no\/wp-content\/uploads\/2017\/11\/Mobil-opprettet1-338x600.png 338w\" sizes=\"auto, (max-width: 259px) 100vw, 259px\" \/><\/td>\n<td><img loading=\"lazy\" decoding=\"async\" class=\"alignnone wp-image-322\" src=\"https:\/\/www.fritek.no\/wp-content\/uploads\/2017\/11\/Mobil-opprettet2.png\" alt=\"\" width=\"259\" height=\"460\" srcset=\"https:\/\/www.fritek.no\/wp-content\/uploads\/2017\/11\/Mobil-opprettet2.png 720w, https:\/\/www.fritek.no\/wp-content\/uploads\/2017\/11\/Mobil-opprettet2-169x300.png 169w, https:\/\/www.fritek.no\/wp-content\/uploads\/2017\/11\/Mobil-opprettet2-338x600.png 338w\" sizes=\"auto, (max-width: 259px) 100vw, 259px\" \/><\/td>\n<\/tr>\n<\/tbody>\n<\/table>\n","protected":false},"excerpt":{"rendered":"<p>Prosjektet FRiDA utvikler en samling id\u00e9- og inspirasjonsfilmer for ungdommer som er alene hjemme og savner en aktivitet. Filmene presenterer aktiviteter og teknologier som ble pr\u00f8vd ut, analysert eller diskutert i prosjektene \u2013 <a class=\"more-link\" href=\"https:\/\/www.fritek.no\/?page_id=307\"><\/a><\/p>\n","protected":false},"author":4,"featured_media":0,"parent":0,"menu_order":0,"comment_status":"closed","ping_status":"closed","template":"","meta":{"footnotes":""},"class_list":["post-307","page","type-page","status-publish","hentry"],"_links":{"self":[{"href":"https:\/\/www.fritek.no\/index.php?rest_route=\/wp\/v2\/pages\/307","targetHints":{"allow":["GET"]}}],"collection":[{"href":"https:\/\/www.fritek.no\/index.php?rest_route=\/wp\/v2\/pages"}],"about":[{"href":"https:\/\/www.fritek.no\/index.php?rest_route=\/wp\/v2\/types\/page"}],"author":[{"embeddable":true,"href":"https:\/\/www.fritek.no\/index.php?rest_route=\/wp\/v2\/users\/4"}],"replies":[{"embeddable":true,"href":"https:\/\/www.fritek.no\/index.php?rest_route=%2Fwp%2Fv2%2Fcomments&post=307"}],"version-history":[{"count":0,"href":"https:\/\/www.fritek.no\/index.php?rest_route=\/wp\/v2\/pages\/307\/revisions"}],"wp:attachment":[{"href":"https:\/\/www.fritek.no\/index.php?rest_route=%2Fwp%2Fv2%2Fmedia&parent=307"}],"curies":[{"name":"wp","href":"https:\/\/api.w.org\/{rel}","templated":true}]}}