
{"id":338,"date":"2017-11-26T20:26:32","date_gmt":"2017-11-26T20:26:32","guid":{"rendered":"http:\/\/www.fritek.no\/?page_id=338"},"modified":"2017-11-26T20:26:32","modified_gmt":"2017-11-26T20:26:32","slug":"suksessfaktorer","status":"publish","type":"page","link":"https:\/\/www.fritek.no\/?page_id=338","title":{"rendered":"Suksessfaktorer"},"content":{"rendered":"<h2>Forutsetninger og praktiske r\u00e5d for \u00e5 lykkes med velferdsteknologi for fritiden<\/h2>\n<ol>\n<li>Ta hensyn til alle omr\u00e5der der velferdsteknologi kan brukes i hverdagen og for fritiden. Det handler om mye mer enn teknologisk assistanse for mestring og trygghet. Like viktige om\u00adr\u00e5der er sosial deltakelse, mobilitet og fysisk og kulturell aktivitet.<\/li>\n<li>Kartlegg kompetanse, behov og \u00f8nsker hos brukere, p\u00e5r\u00f8rende, st\u00f8ttekontakter og andre aktuelle personer. Dersom det mangler kompetanse eller interesse kan faglig p\u00e5fyll om vel\u00adferdsteknologi f\u00e5s i f.eks. testleiligheter og gjennom egen utpr\u00f8ving.<\/li>\n<li>Unders\u00f8k tilgjengelig teknologi \u2013 gj\u00f8r &#8220;research&#8221;. Her er nettet og s\u00f8kemotorer til stor hjelp. B\u00e5de vanlige forhandlere og nettbutikker har et stort utvalg av kommersielt tilgjengelige produkter som kan brukes for fritidsaktiviteter. Ogs\u00e5 NAVs hjelpemiddeldatabase har oversikt over teknologi som kan egne seg for bruk i forbindelse med fritidsaktiviteter. Ett eksempel er et spe\u00adsialtastatur for enklere bruk av datamaskiner.<\/li>\n<li>Se etter inspirasjon og kunnskap for eksempel p\u00e5 YouTube eller produsentenes nettsider. Videoer gir ofte gode tips om bruken. B\u00e5de vanlige brukere, forhandlere og produsenter publiserer rikelig med videomateriell p\u00e5 nettet. Ikke alt er like relevant og mange videoer har reklameinnslag f\u00f8rst. Likevel, det fins mange gullkorn der ute!<\/li>\n<li>Pr\u00f8v ut teknologien. De som administrerer teknologien, for eksempel for utl\u00e5n, m\u00e5 kjenne l\u00f8sningene og kunne gi bistand ved behov. Workshops der flere brukere og deres hjelpere samles for utpr\u00f8ving er en god m\u00e5te \u00e5 bli kjent med teknologiene og belyse hvor anvendelige de forskjellige teknologiene er og for hvem. Brukerne kan bli oppmuntret av hverandre, og deres interesser kommer lettere fram.<\/li>\n<li>Tenk kreativt. Dersom postene i skatte\u00adjaktspillet Geocaching er for langt unna eller vanske\u00adlige \u00e5 finne, lag lette poster selv og registrer dem i appen. Et undervannskamera kan brukes inne i en balje, ikke n\u00f8dvendigvis p\u00e5 en strand. Hvis brukeren ikke kan skrive SMSer selv, lag noen ferdige meldinger som ligger p\u00e5 telefonen og som er lett \u00e5 kjenne igjen og bruke (noen spesialtegn kan gj\u00f8re meldingen lett gjenkjennbar).<\/li>\n<li>N\u00e5r teknologier f\u00f8rst er kj\u00f8pt inn kan det v\u00e6re lurt \u00e5 minne brukere om hva som fins. Kom\u00admuner har gjerne dagtilbud, ressurssentre, avlastningshjem, grupperom, utl\u00e5nsordninger osv. Der kan man henge opp id\u00e9lister og inspirasjonsplakater som presenterer tilgjengelig tekno\u00adlogi og bruks\u00adomr\u00e5der.<\/li>\n<li>Hold s\u00e6rlig hjelpere oppdatert om nyanskaffet teknologi som er tilgjengelig for bruk eller utl\u00e5n. Informasjon, nyheter og p\u00e5minnelser med jevne mellomrom, for eksempel via sosiale medier kan v\u00e6re en effektiv m\u00e5te \u00e5 n\u00e5 m\u00e5lgruppene p\u00e5. Det fins verkt\u00f8y for \u00e5 lage tids\u00adskjema for publisering av ferdiglagete innlegg i sosiale medier.<\/li>\n<li>Ta vare p\u00e5 originale bruksanvisninger og emballasje b\u00e5de for oppbevaring og evt. retur ved reklamasjon eller reparasjon. Enkelte ganger inneholder selve emballasjen ogs\u00e5 en bruks\u00adanvisning. For \u00e5 sikre at originale bruksanvisninger er tilgjengelig ved behov kan digitale versjoner eller nettadresse til disse lagres sammen med utl\u00e5nslister (punkt 13). Scann inn bruksanvisninger som kun fins som papirbaserte vedlegg til emballasjen.<\/li>\n<li>Lag egne veiledere dersom bruksanvisningene er for detaljerte eller kompliserte (eller p\u00e5 frem\u00admedspr\u00e5k). Bruk lettlest spr\u00e5k og bilder. Ha veiledere tilgjengelig der teknologiene er plassert for bruk eller lagret. Tilrettelegging tar tid, men den vil betale seg gjennom lettere bruk.<\/li>\n<li>Beskytt utstyret godt. Robuste deksler for smarttelefoner og nettbrett er ett eksempel, polstrete bager for datamaskiner og kameraer likes\u00e5.<\/li>\n<li>Invester gjerne i enkelte &#8220;reservedeler&#8221; som f.eks. ladere og minnekort.<\/li>\n<li>Lag administrative ordninger som bruker- og utl\u00e5nslister (med kontaktinformasjon til brukere og hjelpere). Det er viktig \u00e5 vite hvor utstyret til enhver tid befinner seg. Slik er det ogs\u00e5 enklere \u00e5 sirkulere tek\u00adnologi blant brukere p\u00e5 en rettferdig m\u00e5te. Videre, det kan v\u00e6re aktuelt \u00e5 forsikre det dyreste utstyret, noe som ofte kan gj\u00f8res i tilknytning til innkj\u00f8p. Ha (kopi av) kvitteringene tilgjengelig for personalet som administrerer bruk og utl\u00e5n for eventuelt rask \u00e5 kunne bestille reparasjon eller tilleggsutstyr fra samme leverand\u00f8r.<\/li>\n<li>Hold deg orientert om utviklingen og reserv\u00e9r budsjettmidler for innkj\u00f8p om mulig. Nye eller forbedrete l\u00f8sninger kom\u00admer til markedet kontinuerlig. Abonnement av oppdateringer og nyhetsbrev kan gi verdifull informasjon i tillegg til \u00e5 f\u00f8lge med faglige grupper p\u00e5 sosiale medier.<\/li>\n<li>Mye godt utstyr selges pent brukt p\u00e5 nettet. Dette kan gi st\u00f8rre rom for anskaffelser.<\/li>\n<\/ol>\n","protected":false},"excerpt":{"rendered":"<p>Forutsetninger og praktiske r\u00e5d for \u00e5 lykkes med velferdsteknologi for fritiden Ta hensyn til alle omr\u00e5der der velferdsteknologi kan brukes i hverdagen og for fritiden. Det handler om mye mer enn teknologisk assistanse <a class=\"more-link\" href=\"https:\/\/www.fritek.no\/?page_id=338\"><\/a><\/p>\n","protected":false},"author":4,"featured_media":0,"parent":0,"menu_order":0,"comment_status":"closed","ping_status":"closed","template":"","meta":{"footnotes":""},"class_list":["post-338","page","type-page","status-publish","hentry"],"_links":{"self":[{"href":"https:\/\/www.fritek.no\/index.php?rest_route=\/wp\/v2\/pages\/338","targetHints":{"allow":["GET"]}}],"collection":[{"href":"https:\/\/www.fritek.no\/index.php?rest_route=\/wp\/v2\/pages"}],"about":[{"href":"https:\/\/www.fritek.no\/index.php?rest_route=\/wp\/v2\/types\/page"}],"author":[{"embeddable":true,"href":"https:\/\/www.fritek.no\/index.php?rest_route=\/wp\/v2\/users\/4"}],"replies":[{"embeddable":true,"href":"https:\/\/www.fritek.no\/index.php?rest_route=%2Fwp%2Fv2%2Fcomments&post=338"}],"version-history":[{"count":0,"href":"https:\/\/www.fritek.no\/index.php?rest_route=\/wp\/v2\/pages\/338\/revisions"}],"wp:attachment":[{"href":"https:\/\/www.fritek.no\/index.php?rest_route=%2Fwp%2Fv2%2Fmedia&parent=338"}],"curies":[{"name":"wp","href":"https:\/\/api.w.org\/{rel}","templated":true}]}}