
{"id":35,"date":"2016-06-17T15:25:16","date_gmt":"2016-06-17T15:25:16","guid":{"rendered":"http:\/\/hverdagstekno.wpengine.com\/?page_id=35"},"modified":"2018-06-27T19:30:02","modified_gmt":"2018-06-27T19:30:02","slug":"hva-er-hverdagsteknologi","status":"publish","type":"page","link":"https:\/\/www.fritek.no\/?page_id=35","title":{"rendered":"Hva er velferdsteknologi?"},"content":{"rendered":"<p>I NOU 2011: 11 &#8220;<a href=\"https:\/\/www.regjeringen.no\/no\/dokumenter\/nou-2011-11\/id646812\/\" target=\"_blank\" rel=\"noopener\">Innovasjon i omsorg<\/a>&#8221; defineres velferdsteknologi slik:<\/p>\n<p><em>&#8220;Med velferdsteknologi menes f\u00f8rst og fremst teknologisk assistanse som bidrar til \u00f8kt trygghet, sikkerhet, sosial del\u00adtakelse, mobilitet og fysisk og kulturell aktivitet, og styrker den enkeltes evne til \u00e5 klare seg selv i hverdagen til tross for sykdom og sosial, psykisk eller fysisk ned satt funksjonsevne. Velferdsteknologi kan ogs\u00e5 fungere som tek\u00adno\u00adlogisk st\u00f8tte til p\u00e5r\u00f8rende og ellers bidra til \u00e5 forbedre tilgjengelighet, ressursutnyttelse og kvalitet p\u00e5 tje\u00adnes\u00adte\u00adtil\u00adbud\u00adet. Velferdsteknologiske l\u00f8sninger kan i mange tilfeller forebygge behov for tjenester eller inn\u00adleg\u00adgelse i institu\u00adsjon.&#8221;<\/em><\/p>\n<p>Generelt er barn og unge med funksjonshemning, ogs\u00e5 de med kognitiv funksjonsnedsettelse, sv\u00e6rt motiverte for \u00e5 bruke den samme teknologien og de samme teknologiske l\u00f8sningene som andre p\u00e5 deres alder. En sentral aktivitet i prosjektet er brukermedvirkning for \u00e5 velge ut potensielt nyttige velferdsteknologier for utpr\u00f8ving.<\/p>\n<p>I utvelgelsesprosessen i prosjektene FRiTEK og FRiDA har vi lagt spesiell vekt p\u00e5 kriterier som presenteres i <a href=\"https:\/\/ehealthresearch.no\/files\/documents\/Prosjektrapporter\/NSE-rapport_2016-02_Kunnskapsoppsummering_Eksisterende_vf-teknologiutprovinger.pdf\" target=\"_blank\" rel=\"noopener\">kunnskapsoppsummeringen<\/a> for den aktuelle m\u00e5lgruppen:<\/p>\n<ul>\n<li>Vurdere teknisk funksjonalitet og brukervennlighet.<\/li>\n<li>Unng\u00e5 ambisi\u00f8se valg av teknologi, og begrense kompleks eller umoden teknologi.<\/li>\n<li>Velge robuste og solide teknologiske hjelpemidler.<\/li>\n<li>Ivareta sikkerhet, personvern, nettvett og kommunikasjonsskikk.<\/li>\n<li>Framskaffe eller lage veiledere og instruksjoner p\u00e5 brukers f\u00f8rstespr\u00e5k.<\/li>\n<li>Unng\u00e5 stigmatiserende teknologiske l\u00f8sninger.<\/li>\n<li>Vurdere praktiske og tilgjengelige teknologier.<\/li>\n<\/ul>\n<p>Pris og det som allerede er tilgjengelig for m\u00e5lgruppen(e) enten privat eller via kommunens tiltak p\u00e5virket utvelgelsen av teknologier for utpr\u00f8ving i FRiTEK og FRiDA p\u00e5virker ogs\u00e5 . Vi legger ogs\u00e5 vekt p\u00e5 hvor enkelt det er \u00e5 anskaffe teknologien eller l\u00f8sningen i Norge.<\/p>\n<p>Under arkfanen\u00a0<a href=\"https:\/\/www.fritek.no\/?page_id=18\">Fritidsteknologier<\/a>\u00a0presenterer vi noen av teknologiene som prosjektene FRiTEK og FRiDA har kartlagt og pr\u00f8vd ut, sammen med lenker til fordypende artikler, nettsteder videoer osv.<\/p>\n","protected":false},"excerpt":{"rendered":"<p>I NOU 2011: 11 &#8220;Innovasjon i omsorg&#8221; defineres velferdsteknologi slik: &#8220;Med velferdsteknologi menes f\u00f8rst og fremst teknologisk assistanse som bidrar til \u00f8kt trygghet, sikkerhet, sosial del\u00adtakelse, mobilitet og fysisk og kulturell aktivitet, og <a class=\"more-link\" href=\"https:\/\/www.fritek.no\/?page_id=35\"><\/a><\/p>\n","protected":false},"author":3,"featured_media":0,"parent":20,"menu_order":0,"comment_status":"closed","ping_status":"closed","template":"","meta":{"footnotes":""},"class_list":["post-35","page","type-page","status-publish","hentry"],"_links":{"self":[{"href":"https:\/\/www.fritek.no\/index.php?rest_route=\/wp\/v2\/pages\/35","targetHints":{"allow":["GET"]}}],"collection":[{"href":"https:\/\/www.fritek.no\/index.php?rest_route=\/wp\/v2\/pages"}],"about":[{"href":"https:\/\/www.fritek.no\/index.php?rest_route=\/wp\/v2\/types\/page"}],"author":[{"embeddable":true,"href":"https:\/\/www.fritek.no\/index.php?rest_route=\/wp\/v2\/users\/3"}],"replies":[{"embeddable":true,"href":"https:\/\/www.fritek.no\/index.php?rest_route=%2Fwp%2Fv2%2Fcomments&post=35"}],"version-history":[{"count":0,"href":"https:\/\/www.fritek.no\/index.php?rest_route=\/wp\/v2\/pages\/35\/revisions"}],"up":[{"embeddable":true,"href":"https:\/\/www.fritek.no\/index.php?rest_route=\/wp\/v2\/pages\/20"}],"wp:attachment":[{"href":"https:\/\/www.fritek.no\/index.php?rest_route=%2Fwp%2Fv2%2Fmedia&parent=35"}],"curies":[{"name":"wp","href":"https:\/\/api.w.org\/{rel}","templated":true}]}}