
{"id":386,"date":"2018-06-02T07:17:08","date_gmt":"2018-06-02T07:17:08","guid":{"rendered":"http:\/\/www.fritek.no\/?page_id=386"},"modified":"2018-06-02T12:03:00","modified_gmt":"2018-06-02T12:03:00","slug":"gas-goal-attainment-scaling","status":"publish","type":"page","link":"https:\/\/www.fritek.no\/?page_id=386","title":{"rendered":"GAS (Goal Attainment Scaling)"},"content":{"rendered":"<p>GAS er en metode for \u00e5 vurdere i hvilken grad brukerens individuelle m\u00e5l oppn\u00e5s i l\u00f8pet av en intervensjon. I GAS blir m\u00e5lsettingene identifisert individuelt for hver bruker. N\u00e5v\u00e6rende og forventede prestasjonsniv\u00e5er tilpasses ogs\u00e5 individuelt. Metoden eller deler av den <em>kan egne seg<\/em> for behovskartlegging i forbindelse med bruken av velferdsteknologi generelt, eller velferdsteknologi for fritiden.<\/p>\n<p>P\u00e5 denne siden finner du lenker til metodebeskrivelser samt artikler om metoden og erfaringer med den.<\/p>\n<ul>\n<li><a href=\"https:\/\/www.kcl.ac.uk\/nursing\/departments\/cicelysaunders\/resources\/tools\/gas.aspx\" target=\"_blank\" rel=\"noopener\">Metodedokumentasjon fra Kings College<\/a>\u00a0(p\u00e5 engelsk)\n<ul>\n<li><a class=\"sys_18\" title=\"Tools-GAS-calculation-sheet\" href=\"https:\/\/www.kcl.ac.uk\/nursing\/departments\/cicelysaunders\/attachments\/Tools-GAS-calculation-sheet.xls\">GAS Calculation Sheet<\/a>\u00a0(Excel)<\/li>\n<li><a class=\"sys_21\" title=\"Goal Attainment Scaling in Rehabilitation a practical guide 2017\" href=\"https:\/\/www.kcl.ac.uk\/nursing\/departments\/cicelysaunders\/attachments\/Goal-Attainment-Scaling-in-Rehabilitation-a-practical-guide-2017.pdf\">GAS Practical Guide<\/a>\u00a0(pdf)<\/li>\n<li><a class=\"sys_17\" title=\"Tools-GAS-Light-only\" href=\"https:\/\/www.kcl.ac.uk\/nursing\/departments\/cicelysaunders\/attachments\/Tools-GAS-Light-only.doc\">GAS Light only<\/a>\u00a0(Word)<\/li>\n<li><a class=\"sys_17\" title=\"Tools-GAS-Record-Sheet\" href=\"https:\/\/www.kcl.ac.uk\/nursing\/departments\/cicelysaunders\/attachments\/Tools-GAS-Record-Sheet.doc\">GAS Record Sheet<\/a>\u00a0(Word)<\/li>\n<li><a class=\"sys_21\" title=\"Tools-GAS-Engagement-Scales\" href=\"https:\/\/www.kcl.ac.uk\/nursing\/departments\/cicelysaunders\/attachments\/Tools-GAS-Engagement-Scales.pdf\">GAS Engagement Scales<\/a>\u00a0(pdf)<\/li>\n<li><a class=\"sys_21\" title=\"GASlegs_V2 4\" href=\"https:\/\/www.kcl.ac.uk\/nursing\/departments\/cicelysaunders\/attachments\/GASlegs-V2-4.pdf\">GASLeg<\/a>\u00a0(pdf)<\/li>\n<li><a class=\"sys_16\" href=\"http:\/\/www.kcl.ac.uk\/lsm\/research\/divisions\/cicelysaunders\/resources\/tools\/gas-eous.aspx\">Goal Attainment Scaling Evaluation of Outcome for Upper-limb Spasticity &#8211; GAS-eous<\/a>\u00a0(pdf)<\/li>\n<\/ul>\n<\/li>\n<li><a href=\"http:\/\/docplayer.me\/3739623-Erfaringer-med-goal-attainment-scaling-gas-hvordan-ta-i-bruk-en-kommunikasjonsbok.html\" target=\"_blank\" rel=\"noopener\">Erfaringer med Goal Attainment Scaling (GAS) Hvordan ta i bruk en kommunikasjonsbok? Redskap for \u00e5 utarbeide individuelle og m\u00e5lbare m\u00e5l.<\/a> (Tone Mj\u00f8en, Ergoterapispesialist, MA Habiliteringssenteret i Vestfold)<\/li>\n<li><a href=\"https:\/\/munin.uit.no\/bitstream\/handle\/10037\/2603\/thesis.pdf?sequence=2&amp;isAllowed=y\" target=\"_blank\" rel=\"noopener\">Hverdagsliv og implementering av GAS m\u00e5l i barnehagen.<\/a> (Beathe Lind,\u00a0Mastergradsoppgave i helsefag, studieretning klinisk nevrologisk fysioterapi,\u00a0fordypning barn)<\/li>\n<\/ul>\n","protected":false},"excerpt":{"rendered":"<p>GAS er en metode for \u00e5 vurdere i hvilken grad brukerens individuelle m\u00e5l oppn\u00e5s i l\u00f8pet av en intervensjon. I GAS blir m\u00e5lsettingene identifisert individuelt for hver bruker. N\u00e5v\u00e6rende og forventede prestasjonsniv\u00e5er tilpasses <a class=\"more-link\" href=\"https:\/\/www.fritek.no\/?page_id=386\"><\/a><\/p>\n","protected":false},"author":4,"featured_media":0,"parent":0,"menu_order":0,"comment_status":"closed","ping_status":"closed","template":"","meta":{"footnotes":""},"class_list":["post-386","page","type-page","status-publish","hentry"],"_links":{"self":[{"href":"https:\/\/www.fritek.no\/index.php?rest_route=\/wp\/v2\/pages\/386","targetHints":{"allow":["GET"]}}],"collection":[{"href":"https:\/\/www.fritek.no\/index.php?rest_route=\/wp\/v2\/pages"}],"about":[{"href":"https:\/\/www.fritek.no\/index.php?rest_route=\/wp\/v2\/types\/page"}],"author":[{"embeddable":true,"href":"https:\/\/www.fritek.no\/index.php?rest_route=\/wp\/v2\/users\/4"}],"replies":[{"embeddable":true,"href":"https:\/\/www.fritek.no\/index.php?rest_route=%2Fwp%2Fv2%2Fcomments&post=386"}],"version-history":[{"count":0,"href":"https:\/\/www.fritek.no\/index.php?rest_route=\/wp\/v2\/pages\/386\/revisions"}],"wp:attachment":[{"href":"https:\/\/www.fritek.no\/index.php?rest_route=%2Fwp%2Fv2%2Fmedia&parent=386"}],"curies":[{"name":"wp","href":"https:\/\/api.w.org\/{rel}","templated":true}]}}