
{"id":402,"date":"2018-06-02T10:39:56","date_gmt":"2018-06-02T10:39:56","guid":{"rendered":"http:\/\/www.fritek.no\/?page_id=402"},"modified":"2018-06-05T08:33:30","modified_gmt":"2018-06-05T08:33:30","slug":"ressurser","status":"publish","type":"page","link":"https:\/\/www.fritek.no\/?page_id=402","title":{"rendered":"Ressurser"},"content":{"rendered":"<p>De tre prosjektene som dette nettstedet er et resultat av, har basert seg p\u00e5 eller benyttet seg av mange forskjellige <strong>faglige ressurser<\/strong>. Disse finner du i eget faneark under dette menyvalget.<\/p>\n<p>Vi har ogs\u00e5 plukket ut en rekke lenker til ressurser som dreier seg om tjenestemodeller, gevinstrealisering og prosjektstyring. Ogs\u00e5 disse finner du under dette menyvalget, under fanearket <strong>metoder og verkt\u00f8y<\/strong>.<\/p>\n","protected":false},"excerpt":{"rendered":"<p>De tre prosjektene som dette nettstedet er et resultat av, har basert seg p\u00e5 eller benyttet seg av mange forskjellige faglige ressurser. Disse finner du i eget faneark under dette menyvalget. Vi har <a class=\"more-link\" href=\"https:\/\/www.fritek.no\/?page_id=402\"><\/a><\/p>\n","protected":false},"author":4,"featured_media":0,"parent":0,"menu_order":0,"comment_status":"closed","ping_status":"closed","template":"","meta":{"footnotes":""},"class_list":["post-402","page","type-page","status-publish","hentry"],"_links":{"self":[{"href":"https:\/\/www.fritek.no\/index.php?rest_route=\/wp\/v2\/pages\/402","targetHints":{"allow":["GET"]}}],"collection":[{"href":"https:\/\/www.fritek.no\/index.php?rest_route=\/wp\/v2\/pages"}],"about":[{"href":"https:\/\/www.fritek.no\/index.php?rest_route=\/wp\/v2\/types\/page"}],"author":[{"embeddable":true,"href":"https:\/\/www.fritek.no\/index.php?rest_route=\/wp\/v2\/users\/4"}],"replies":[{"embeddable":true,"href":"https:\/\/www.fritek.no\/index.php?rest_route=%2Fwp%2Fv2%2Fcomments&post=402"}],"version-history":[{"count":0,"href":"https:\/\/www.fritek.no\/index.php?rest_route=\/wp\/v2\/pages\/402\/revisions"}],"wp:attachment":[{"href":"https:\/\/www.fritek.no\/index.php?rest_route=%2Fwp%2Fv2%2Fmedia&parent=402"}],"curies":[{"name":"wp","href":"https:\/\/api.w.org\/{rel}","templated":true}]}}