
{"id":405,"date":"2018-06-02T10:49:20","date_gmt":"2018-06-02T10:49:20","guid":{"rendered":"http:\/\/www.fritek.no\/?page_id=405"},"modified":"2019-03-15T18:51:38","modified_gmt":"2019-03-15T18:51:38","slug":"organisasjonsfaglige-perspektiver","status":"publish","type":"page","link":"https:\/\/www.fritek.no\/?page_id=405","title":{"rendered":"Metoder og verkt\u00f8y"},"content":{"rendered":"<p>For \u00e5 utforme robuste tjenesteforl\u00f8p for tildeling av velferdsteknologi for fritiden til brukere, m\u00e5 kunnskap fra utpr\u00f8vingsprosjekter plasseres i en organisatorisk sammenheng. Tjenestene b\u00f8r v\u00e6re generiske og t\u00e5le endringer i organisering og ressursfordeling best mulig.<\/p>\n<p>Tjenestemodellene vil variere fra kommune til kommune. Disse lenkene f\u00f8rer til ressurser som kan tilby kunnskap samt kompetanse- og arbidsverkt\u00f8y i denne prosessen.<\/p>\n<h2><span style=\"color: #800080;\">Velferdsteknologi<\/span><\/h2>\n<p><a href=\"https:\/\/www.ks.no\/globalassets\/kvikk-guide-ny.pdf?fbclid=IwAR1sUHNDT8CcBu6IA7fU-aYlgqbAFEuuN4yGCRqSB7GN6m1WVghZdfUxE0c\">Kvikk-guide til velferdsteknologi<\/a> (KS, Direktoratet for e-helse, Helsedirektoratet)<\/p>\n<h2><span style=\"color: #800080;\">Prosjektstyring<\/span><\/h2>\n<ul>\n<li><a href=\"https:\/\/www.prosjektveiviseren.no\/\" target=\"_blank\" rel=\"noopener\">Prosjektveiviseren<\/a> (Difi)<\/li>\n<li><a href=\"https:\/\/www.prosjektveiviseren.no\/oversikt-over-alle-sidene-i-prosjektveiviseren\" target=\"_blank\" rel=\"noopener\">Oversikt over alle sidene i Prosjektveiviseren<\/a><\/li>\n<li><a href=\"https:\/\/www.prosjektveiviseren.no\/bibliotek\/ressurs\" target=\"_blank\" rel=\"noopener\">Dokumentmaler i Prosjektveiviseren<\/a><\/li>\n<\/ul>\n<h2><span style=\"color: #800080;\">Gevinstrealisering<\/span><\/h2>\n<ul>\n<li><a href=\"https:\/\/www.prosjektveiviseren.no\/bibliotek\/tverrgaende\/gevinstrealisering\" target=\"_blank\" rel=\"noopener\">Om gevinstrealisering i Prosjektveiviseren<\/a> (Difi)<\/li>\n<li>Om gevinster i\u00a0<a href=\"http:\/\/www.ks.no\/fagomrader\/utvikling\/innovasjon\/veikart-for-tjenesteinnovasjon2\/\" target=\"_blank\" rel=\"noopener\">Veikart for tjenesteinnovasjon<\/a> (KS)<\/li>\n<li>Nasjonalt velferdsteknologiprogram, Helsedirektoratet\n<ul>\n<li><a href=\"https:\/\/helsedirektoratet.no\/Lists\/Publikasjoner\/Attachments\/1139\/F%C3%B8rste%20gevinstrealiseringsrapport%20-%20Nasjonalt%20velferdsteknologiprogram.pdf\" target=\"_blank\" rel=\"noopener\">F\u00f8rste gevinstrealiseringsrapport med anbefalinger<\/a><\/li>\n<li><a href=\"https:\/\/helsedirektoratet.no\/Lists\/Publikasjoner\/Attachments\/1277\/Andre%20gevinstrealiseringsrapport%20-%20Nasjonalt%20velferdsteknologiprogram.pdf\" target=\"_blank\" rel=\"noopener\">Andre gevinstrealiseringsrapport med anbefalinger<\/a><\/li>\n<\/ul>\n<\/li>\n<\/ul>\n<h2><span style=\"color: #800080;\">Tjenestemodeller, tjenesteforl\u00f8p<\/span><\/h2>\n<ul>\n<li><a href=\"http:\/\/www.ks.no\/fagomrader\/utvikling\/innovasjon\/veikart-for-tjenesteinnovasjon2\/\" target=\"_blank\" rel=\"noopener\">Veikart for tjenesteinnovasjon<\/a> (KS)\n<ul>\n<li><a href=\"http:\/\/www.ks.no\/fagomrader\/utvikling\/innovasjon\/veikart-for-tjenesteinnovasjon2\/verktoy\/\" target=\"_blank\" rel=\"noopener\">Verkt\u00f8ykasse<\/a><\/li>\n<\/ul>\n<\/li>\n<li><a href=\"https:\/\/www.ks.no\/globalassets\/overgang-til-drift.pdf\" target=\"_blank\" rel=\"noopener\">Overgang til drift<\/a> (Velferdsteknologiens ABC, KS)<\/li>\n<\/ul>\n<h2><span style=\"color: #800080;\">Jus og etikk<\/span><\/h2>\n<ul>\n<li><a href=\"https:\/\/lovdata.no\/dokument\/NL\/lov\/2011-06-24-30\/KAPITTEL_9#%C2%A79-1\" target=\"_blank\" rel=\"noopener\">Lov om kommunale helse- og omsorgstjenester<\/a> m.m. (helse- og omsorgstjenesteloven)<\/li>\n<li><a href=\"https:\/\/lovdata.no\/dokument\/SF\/forskrift\/2011-12-16-1256\" target=\"_blank\" rel=\"noopener\">Forskrift om habilitering og rehabilitering, individuell plan og koordinator<\/a><\/li>\n<li><a href=\"https:\/\/helsedirektoratet.no\/retningslinjer\/rehabilitering-habilitering-individuell-plan-og-koordinator\/seksjon?Tittel=individuell-plan-og-koordinator-6935\" target=\"_blank\" rel=\"noopener\">Veileder om rehabilitering, habilitering, individuell plan og koordinator<\/a>\u00a0(Helsedirektoratet)<\/li>\n<li><a href=\"https:\/\/www.ks.no\/globalassets\/lovverk-og-etikk.pdf\" target=\"_blank\" rel=\"noopener\">Lovverk og etikk<\/a> (Velferdsteknologiens ABC, KS)<\/li>\n<\/ul>\n","protected":false},"excerpt":{"rendered":"<p>For \u00e5 utforme robuste tjenesteforl\u00f8p for tildeling av velferdsteknologi for fritiden til brukere, m\u00e5 kunnskap fra utpr\u00f8vingsprosjekter plasseres i en organisatorisk sammenheng. Tjenestene b\u00f8r v\u00e6re generiske og t\u00e5le endringer i organisering og ressursfordeling <a class=\"more-link\" href=\"https:\/\/www.fritek.no\/?page_id=405\"><\/a><\/p>\n","protected":false},"author":4,"featured_media":0,"parent":0,"menu_order":0,"comment_status":"closed","ping_status":"closed","template":"","meta":{"footnotes":""},"class_list":["post-405","page","type-page","status-publish","hentry"],"_links":{"self":[{"href":"https:\/\/www.fritek.no\/index.php?rest_route=\/wp\/v2\/pages\/405","targetHints":{"allow":["GET"]}}],"collection":[{"href":"https:\/\/www.fritek.no\/index.php?rest_route=\/wp\/v2\/pages"}],"about":[{"href":"https:\/\/www.fritek.no\/index.php?rest_route=\/wp\/v2\/types\/page"}],"author":[{"embeddable":true,"href":"https:\/\/www.fritek.no\/index.php?rest_route=\/wp\/v2\/users\/4"}],"replies":[{"embeddable":true,"href":"https:\/\/www.fritek.no\/index.php?rest_route=%2Fwp%2Fv2%2Fcomments&post=405"}],"version-history":[{"count":0,"href":"https:\/\/www.fritek.no\/index.php?rest_route=\/wp\/v2\/pages\/405\/revisions"}],"wp:attachment":[{"href":"https:\/\/www.fritek.no\/index.php?rest_route=%2Fwp%2Fv2%2Fmedia&parent=405"}],"curies":[{"name":"wp","href":"https:\/\/api.w.org\/{rel}","templated":true}]}}