
{"id":414,"date":"2018-06-05T08:58:19","date_gmt":"2018-06-05T08:58:19","guid":{"rendered":"http:\/\/www.fritek.no\/?page_id=414"},"modified":"2018-06-05T09:32:20","modified_gmt":"2018-06-05T09:32:20","slug":"velferdsteknologiens-abc","status":"publish","type":"page","link":"https:\/\/www.fritek.no\/?page_id=414","title":{"rendered":"Velferdsteknologiens ABC"},"content":{"rendered":"<p>KS har i samarbeid med SINTEF og H\u00f8gskolen i S\u00f8r\u00f8st-Norge utviklet en oppl\u00e6ringspakke for ansatte i de kommunale helse- og omsorgstjenestene. Disse to kapitlene ber\u00f8rer brukermedvirkning og kan v\u00e6re metodisk relevante ogs\u00e5 i forbindelse med velferdsteknologier for fritiden:<\/p>\n<ul>\n<li><a href=\"http:\/\/www.ks.no\/contentassets\/a920496503954698b773aa3c70667c28\/ks_velferdsteknologiens-abc_del-b_f41_skjerm.pdf\" target=\"_blank\" rel=\"noopener\">Fra brukerbehov til ny l\u00f8sning<\/a><\/li>\n<li><a href=\"http:\/\/www.ks.no\/contentassets\/a920496503954698b773aa3c70667c28\/ks_velferdsteknologiens-abc_del-d_f41_skjerm.pdf\" target=\"_blank\" rel=\"noopener\">Utpr\u00f8ving og vurdering av bruk<\/a><\/li>\n<\/ul>\n","protected":false},"excerpt":{"rendered":"<p>KS har i samarbeid med SINTEF og H\u00f8gskolen i S\u00f8r\u00f8st-Norge utviklet en oppl\u00e6ringspakke for ansatte i de kommunale helse- og omsorgstjenestene. Disse to kapitlene ber\u00f8rer brukermedvirkning og kan v\u00e6re metodisk relevante ogs\u00e5 i <a class=\"more-link\" href=\"https:\/\/www.fritek.no\/?page_id=414\"><\/a><\/p>\n","protected":false},"author":4,"featured_media":0,"parent":0,"menu_order":0,"comment_status":"closed","ping_status":"closed","template":"","meta":{"footnotes":""},"class_list":["post-414","page","type-page","status-publish","hentry"],"_links":{"self":[{"href":"https:\/\/www.fritek.no\/index.php?rest_route=\/wp\/v2\/pages\/414","targetHints":{"allow":["GET"]}}],"collection":[{"href":"https:\/\/www.fritek.no\/index.php?rest_route=\/wp\/v2\/pages"}],"about":[{"href":"https:\/\/www.fritek.no\/index.php?rest_route=\/wp\/v2\/types\/page"}],"author":[{"embeddable":true,"href":"https:\/\/www.fritek.no\/index.php?rest_route=\/wp\/v2\/users\/4"}],"replies":[{"embeddable":true,"href":"https:\/\/www.fritek.no\/index.php?rest_route=%2Fwp%2Fv2%2Fcomments&post=414"}],"version-history":[{"count":0,"href":"https:\/\/www.fritek.no\/index.php?rest_route=\/wp\/v2\/pages\/414\/revisions"}],"wp:attachment":[{"href":"https:\/\/www.fritek.no\/index.php?rest_route=%2Fwp%2Fv2%2Fmedia&parent=414"}],"curies":[{"name":"wp","href":"https:\/\/api.w.org\/{rel}","templated":true}]}}